	{"id":118886,"date":"2023-04-21T16:56:33","date_gmt":"2023-04-21T16:56:33","guid":{"rendered":"https:\/\/bicillevant.com\/rechtlicher-hinweis\/"},"modified":"2023-04-24T11:11:06","modified_gmt":"2023-04-24T11:11:06","slug":"rechtlicher-hinweis","status":"publish","type":"page","link":"https:\/\/bicillevant.com\/de\/rechtlicher-hinweis\/","title":{"rendered":"Rechtlicher Hinweis"},"content":{"rendered":"<p><strong>RECHTLICHER HINWEIS<\/strong><\/p>\n<p><strong>1. die Identifizierung und die Kontaktdaten des Eigent\u00fcmers der Website.<\/strong><\/p>\n<p>Bicillevant.com (nachstehend die Website) ist Eigentum von Portocolom Sport, SL (nachstehend der Eigent\u00fcmer) mit der Adresse Carrer Cala Mar\u00e7al, 22, Portocolom, Spanien, mit CIF\/NIF <span class=\"s1\">B16607236<\/span>, Telefonnummer 606548677 und E-Mail-Adresse info@bicillevant.com.<\/p>\n<p><strong>2. der Anwendungsbereich<\/strong><\/p>\n<p>Das Surfen auf der Website des Inhabers impliziert die Annahme des Benutzers und die absolute Akzeptanz dessen, was in diesem rechtlichen Hinweis angegeben ist.<\/p>\n<p><strong>3. Alter.<\/strong><\/p>\n<p>Die Registrierung auf unserer Website ist f\u00fcr Personen \u00fcber achtzehn (18) Jahre bestimmt. Wenn die Registrierung einer Person unter 18 Jahren festgestellt wird, wird dieses Konto automatisch gel\u00f6scht.<\/p>\n<p><strong>4. Geistiges oder gewerbliches Eigentum.<\/strong><\/p>\n<p>Die Inhalte der Website, wie Texte, Bilder, Grafiken oder Quellcode, sind durch geistige und gewerbliche Eigentumsrechte gesch\u00fctzt.<\/p>\n<p>Derartige Inhalte d\u00fcrfen beispielsweise nicht ohne die vorherige und ausdr\u00fcckliche Genehmigung des Inhabers vervielf\u00e4ltigt oder umgewandelt werden. Die Nutzer k\u00f6nnen auf die Inhalte zugreifen und autorisierte Privatkopien anfertigen, solange die vervielf\u00e4ltigten Elemente nicht an Dritte weitergegeben, auf vernetzten Servern installiert oder in irgendeiner Weise verwertet werden.<\/p>\n<p><strong>5. Gemeinsame Regeln f\u00fcr die Nutzung der Website.<\/strong><\/p>\n<p>Der Nutzer verpflichtet sich, die Website in \u00dcbereinstimmung mit den folgenden Regeln zu nutzen:<\/p>\n<ul>\n<li>Es werden keine Inhalte oder Informationen von anderen Nutzern gesammelt.<\/li>\n<li>Sie enth\u00e4lt weder Viren noch b\u00f6sartigen Code jeglicher Art.<\/li>\n<li>Es wird keine Anmeldeinformationen anfordern oder auf ein Konto zugreifen, das einem anderen Benutzer geh\u00f6rt.<\/li>\n<li>Sie darf keinen Nutzer bel\u00e4stigen, einsch\u00fcchtern oder schikanieren.<\/li>\n<li>Sie werden sich nicht an ungesetzlichen, irref\u00fchrenden, b\u00f6swilligen oder diskriminierenden Handlungen auf der Website beteiligen, in \u00dcbereinstimmung mit diesen Bedingungen und dem Gesetz.<br \/>\nSpanisches Rechtssystem.<\/li>\n<li>Sie werden nichts tun, was die Sicherheit Ihres Kontos gef\u00e4hrden k\u00f6nnte, insbesondere in Bezug auf Ihr Passwort. Sie wird n\u00e4mlich jeden Vorfall in Bezug auf Ihr Passwort, Ihr Konto, die Verletzung der Vertraulichkeit Ihrer Daten, die festgestellte Gefahr oder Bedrohung der Sicherheit Ihrer Daten mitteilen.<\/li>\n<\/ul>\n<p>Der Eigent\u00fcmer kann Inhalte entfernen oder den Dienst aussetzen, wenn er nach eigenem Ermessen gegen eine der in diesen rechtlichen Hinweisen beschriebenen Regeln und Verpflichtungen verst\u00f6\u00dft.<\/p>\n<p>Bei Fragen oder Unklarheiten bez\u00fcglich dieser besonderen EU-Vorschriften oder dieser besonderen Bedingungen k\u00f6nnen Sie uns per E-Mail kontaktieren.<\/p>\n<p><strong>6. Links und Haftungsbeschr\u00e4nkung.<\/strong><\/p>\n<p>Die Einrichtung eines Hyperlinks impliziert in keinem Fall das Bestehen einer Beziehung zwischen dem Inhaber und dem Eigent\u00fcmer der Website, auf der er eingerichtet ist, noch die Annahme und Billigung von deren Inhalten oder Dienstleistungen durch den Inhaber. Personen, die einen Hyperlink einrichten wollen, m\u00fcssen zuvor die schriftliche Genehmigung des f\u00fcr die Verarbeitung Verantwortlichen einholen. In jedem Fall wird der Hyperlink nur den Zugang zur Startseite unserer Website erm\u00f6glichen, und Sie m\u00fcssen es unterlassen, falsche, ungenaue oder unrichtige Aussagen oder Angaben \u00fcber den Eigent\u00fcmer zu machen oder illegale Inhalte aufzunehmen, die gegen die guten Sitten und die \u00f6ffentliche Ordnung versto\u00dfen.<\/p>\n<p>Der Eigent\u00fcmer haftet weder f\u00fcr die Nutzung der auf dieser Website zur Verf\u00fcgung gestellten Materialien durch die einzelnen Nutzer noch f\u00fcr die auf der Grundlage dieser Materialien durchgef\u00fchrten Handlungen. Der Inhalt der Website ist allgemeiner und rein informativer Natur.<\/p>\n<p>Der Beherberger \u00fcbernimmt keine Verantwortung f\u00fcr den Inhalt oder das Funktionieren von Websites Dritter, auf die der Benutzer des Shops \u00fcber irgendeine Art von Link zugreifen kann.<\/p>\n<p>Der Eigent\u00fcmer lehnt, soweit gesetzlich zul\u00e4ssig, jede Haftung f\u00fcr Sch\u00e4den ab, die durch das Vorhandensein von Viren, Handlungen Dritter, die Eigentumsrechte, die Ehre, die Privatsph\u00e4re oder illegale Werbung verletzen, entstehen.<\/p>\n<p>Wenn ein Nutzer oder ein Dritter der Meinung ist, dass auf der Website unerlaubte Handlungen jeglicher Art begangen werden, sollte er eine Mitteilung an den Eigent\u00fcmer an die E-Mail-Adresse senden, die in unseren Identifikationsdaten erscheint. Sie m\u00fcssen sich ordnungsgem\u00e4\u00df ausweisen und den Sachverhalt angeben, \u00fcber den Sie berichten.<\/p>\n<p><strong>7. Der Datenschutz.<\/strong><\/p>\n<p>Verarbeitung von personenbezogenen Daten:<br \/>\nVerantwortlich: Identit\u00e4t: Portocolom Sport, SL &#8211; NIF: <span class=\"s1\">B16607236<\/span><br \/>\nPostanschrift: Cala Mar\u00e7al, 22 Portocolom, Mallorca<br \/>\nTelefon: 606548677<br \/>\nE-Mail: info@bicillevant.com<br \/>\nWir verarbeiten die von Ihnen zur Verf\u00fcgung gestellten Informationen, um Ihnen die gew\u00fcnschte Dienstleistung zu erbringen und\/oder in Rechnung zu stellen. Die \u00fcbermittelten Daten werden f\u00fcr die Dauer der Gesch\u00e4ftsbeziehung oder f\u00fcr die zur Erf\u00fcllung gesetzlicher Verpflichtungen erforderlichen Jahre aufbewahrt. Die Daten werden nicht an Dritte weitergegeben, es sei denn, es besteht eine gesetzliche Verpflichtung dazu. Der Nutzer hat das Recht, eine Best\u00e4tigung dar\u00fcber zu erhalten, ob Portocolom Sport, SL, seine personenbezogenen Daten verarbeitet, und hat daher das Recht, auf seine personenbezogenen Daten zuzugreifen, unrichtige Daten zu berichtigen oder ihre L\u00f6schung zu verlangen, wenn die Daten nicht mehr erforderlich sind.<\/p>\n<p><strong>8. Anwendbares Recht, Beilegung von Streitigkeiten und zust\u00e4ndiger Gerichtsstand<\/strong><\/p>\n<p>Die Nutzung der Website unterliegt dem spanischen Recht. F\u00fcr alle Streitigkeiten, die sich aus der Nutzung der Website ergeben oder damit zusammenh\u00e4ngen, sind die Gerichte der Gemeinde zust\u00e4ndig, in der der Inhaber seinen Sitz hat, es sei denn, die geltenden Vorschriften oder der Verhaltenskodex legen einen anderen Gerichtsstand fest.<\/p>\n","protected":false},"excerpt":{"rendered":"<p>RECHTLICHER HINWEIS 1. die Identifizierung und die Kontaktdaten des Eigent\u00fcmers der Website. Bicillevant.com (nachstehend die Website) ist Eigentum von Portocolom [&hellip;]<\/p>\n","protected":false},"author":2,"featured_media":0,"parent":0,"menu_order":0,"comment_status":"closed","ping_status":"closed","template":"","meta":{"footnotes":""},"class_list":["post-118886","page","type-page","status-publish","hentry"],"_links":{"self":[{"href":"https:\/\/bicillevant.com\/de\/wp-json\/wp\/v2\/pages\/118886","targetHints":{"allow":["GET"]}}],"collection":[{"href":"https:\/\/bicillevant.com\/de\/wp-json\/wp\/v2\/pages"}],"about":[{"href":"https:\/\/bicillevant.com\/de\/wp-json\/wp\/v2\/types\/page"}],"author":[{"embeddable":true,"href":"https:\/\/bicillevant.com\/de\/wp-json\/wp\/v2\/users\/2"}],"replies":[{"embeddable":true,"href":"https:\/\/bicillevant.com\/de\/wp-json\/wp\/v2\/comments?post=118886"}],"version-history":[{"count":1,"href":"https:\/\/bicillevant.com\/de\/wp-json\/wp\/v2\/pages\/118886\/revisions"}],"predecessor-version":[{"id":118887,"href":"https:\/\/bicillevant.com\/de\/wp-json\/wp\/v2\/pages\/118886\/revisions\/118887"}],"wp:attachment":[{"href":"https:\/\/bicillevant.com\/de\/wp-json\/wp\/v2\/media?parent=118886"}],"curies":[{"name":"wp","href":"https:\/\/api.w.org\/{rel}","templated":true}]}}