	{"id":118807,"date":"2023-02-20T17:19:25","date_gmt":"2023-02-20T17:19:25","guid":{"rendered":"https:\/\/bicillevant.com\/hauptseite\/"},"modified":"2024-02-18T17:11:46","modified_gmt":"2024-02-18T17:11:46","slug":"hauptseite","status":"publish","type":"page","link":"https:\/\/bicillevant.com\/de\/","title":{"rendered":"Hauptseite"},"content":{"rendered":"<div class=\"wpb-content-wrapper\"><p>[vc_row row_height_percent=&#8220;100&#8243; overlay_alpha=&#8220;52&#8243; gutter_size=&#8220;3&#8243; column_width_percent=&#8220;100&#8243; shift_y=&#8220;0&#8243; z_index=&#8220;0&#8243; uncode_shortcode_id=&#8220;482765&#8243; front_end_with_slider=&#8220;true&#8220;][vc_column width=&#8220;1\/1&#8243;][uncode_slider slider_type=&#8220;fade&#8220; slider_interval=&#8220;5000&#8243; slider_navspeed=&#8220;400&#8243;][vc_row_inner row_inner_height_percent=&#8220;0&#8243; back_color=&#8220;color-wayh&#8220; back_image=&#8220;42&#8243; parallax=&#8220;yes&#8220; overlay_color=&#8220;color-jevc&#8220; overlay_alpha=&#8220;30&#8243; gutter_size=&#8220;3&#8243; shift_y=&#8220;0&#8243; z_index=&#8220;0&#8243; uncode_shortcode_id=&#8220;679170&#8243; back_color_type=&#8220;uncode-palette&#8220; overlay_color_type=&#8220;uncode-palette&#8220; limit_content=&#8220;yes&#8220; front_end_with_slider=&#8220;true&#8220;][vc_column_inner column_width_percent=&#8220;100&#8243; position_vertical=&#8220;middle&#8220; align_horizontal=&#8220;align_center&#8220; gutter_size=&#8220;3&#8243; style=&#8220;dark&#8220; overlay_alpha=&#8220;50&#8243; shift_x=&#8220;0&#8243; shift_y=&#8220;0&#8243; shift_y_down=&#8220;0&#8243; z_index=&#8220;0&#8243; medium_width=&#8220;0&#8243; mobile_width=&#8220;0&#8243; zoom_width=&#8220;0&#8243; zoom_height=&#8220;0&#8243; width=&#8220;1\/1&#8243;][vc_custom_heading text_size=&#8220;fontsize-498878&#8243; text_weight=&#8220;700&#8243; text_height=&#8220;fontheight-365478&#8243; text_space=&#8220;fontspace-116066&#8243; css_animation=&#8220;bottom-t-top&#8220; animation_delay=&#8220;100&#8243; uncode_shortcode_id=&#8220;126646&#8243;]FAHRRADVERMIETUNG[\/vc_custom_heading][vc_column_text text_lead=&#8220;yes&#8220; css_animation=&#8220;bottom-t-top&#8220; animation_delay=&#8220;200&#8243; uncode_shortcode_id=&#8220;756538&#8243;]Entdecken Sie die Landschaften, Ecken, D\u00f6rfer und Buchten des S\u00fcdostens von Mallorca mit dem Fahrrad. Eine magische Erfahrung, die Sie s\u00fcchtig machen wird.[\/vc_column_text][vc_button button_color=&#8220;accent&#8220; size=&#8220;btn-lg&#8220; border_width=&#8220;0&#8243; css_animation=&#8220;bottom-t-top&#8220; animation_delay=&#8220;300&#8243; link=&#8220;url:https%3A%2F%2Fbicillevant.com%2Fde%2Ffahrradverleih%2Fportocolom-laden%2F|title:Fahrradverleih&#8220; button_color_type=&#8220;uncode-palette&#8220; uncode_shortcode_id=&#8220;177404&#8243;]Jetzt mieten![\/vc_button][\/vc_column_inner][\/vc_row_inner][\/uncode_slider][\/vc_column][\/vc_row][vc_row unlock_row_content=&#8220;yes&#8220; row_height_percent=&#8220;0&#8243; override_padding=&#8220;yes&#8220; h_padding=&#8220;2&#8243; top_padding=&#8220;5&#8243; bottom_padding=&#8220;5&#8243; overlay_alpha=&#8220;50&#8243; gutter_size=&#8220;3&#8243; column_width_percent=&#8220;100&#8243; shift_y=&#8220;0&#8243; z_index=&#8220;0&#8243; bottom_divider=&#8220;step_3_4&#8243; uncode_shortcode_id=&#8220;679717&#8243;][vc_column column_width_percent=&#8220;100&#8243; gutter_size=&#8220;3&#8243; overlay_alpha=&#8220;50&#8243; shift_x=&#8220;0&#8243; shift_y=&#8220;0&#8243; shift_y_down=&#8220;0&#8243; z_index=&#8220;0&#8243; medium_width=&#8220;0&#8243; mobile_width=&#8220;0&#8243; width=&#8220;1\/1&#8243;][vc_row_inner limit_content=&#8220;&#8220;][vc_column_inner width=&#8220;1\/2&#8243;][vc_custom_heading text_size=&#8220;fontsize-180443&#8243; uncode_shortcode_id=&#8220;462231&#8243;]<span class=\"text-accent-color\">BICILLEVANT<\/span><\/p>\n<p>eine andere Art, die Insel zu entdecken[\/vc_custom_heading][\/vc_column_inner][vc_column_inner width=&#8220;1\/2&#8243;][vc_column_text text_lead=&#8220;yes&#8220; uncode_shortcode_id=&#8220;192330&#8243;]Von Bicillevant aus m\u00f6chten wir mit Ihnen das Gef\u00fchl teilen, die Anstrengung zu genie\u00dfen, in einer nat\u00fcrlichen Umgebung in die Pedale zu treten, in der die Physiognomie einer von Trockenmauern umgebenen Landschaft den Test der Zeit besteht.<\/p>\n<p>In Bicillevant bieten wir Leihfahrr\u00e4der, gef\u00fchrte Touren und sportliche Aktivit\u00e4ten f\u00fcr Kinder und Jugendliche an.[\/vc_column_text][\/vc_column_inner][\/vc_row_inner][\/vc_column][\/vc_row][vc_row row_height_percent=&#8220;0&#8243; override_padding=&#8220;yes&#8220; h_padding=&#8220;0&#8243; top_padding=&#8220;5&#8243; bottom_padding=&#8220;5&#8243; back_color=&#8220;accent&#8220; overlay_alpha=&#8220;0&#8243; gutter_size=&#8220;3&#8243; column_width_percent=&#8220;100&#8243; shift_y=&#8220;0&#8243; z_index=&#8220;2&#8243; bottom_divider=&#8220;step_2_3&#8243; uncode_shortcode_id=&#8220;100915&#8243; back_color_type=&#8220;uncode-palette&#8220;][vc_column column_width_use_pixel=&#8220;yes&#8220; position_vertical=&#8220;middle&#8220; align_horizontal=&#8220;align_center&#8220; gutter_size=&#8220;0&#8243; expand_height=&#8220;yes&#8220; overlay_alpha=&#8220;50&#8243; shift_x=&#8220;0&#8243; shift_y=&#8220;0&#8243; shift_y_down=&#8220;0&#8243; shift_y_down_fixed=&#8220;yes&#8220; z_index=&#8220;0&#8243; medium_width=&#8220;0&#8243; align_mobile=&#8220;align_center_mobile&#8220; mobile_width=&#8220;0&#8243; width=&#8220;1\/1&#8243; uncode_shortcode_id=&#8220;203270&#8243;][vc_single_image media=&#8220;118853&#8243; media_width_use_pixel=&#8220;yes&#8220; alignment=&#8220;center&#8220; uncode_shortcode_id=&#8220;206898&#8243; media_width_pixel=&#8220;200&#8243;][vc_empty_space empty_h=&#8220;1&#8243;][vc_custom_heading text_color=&#8220;color-xsdn&#8220; text_size=&#8220;fontsize-180443&#8243; uncode_shortcode_id=&#8220;213291&#8243; text_color_type=&#8220;uncode-palette&#8220;]Finde uns in Portocolom.[\/vc_custom_heading][vc_empty_space empty_h=&#8220;3&#8243;][vc_row_inner row_inner_height_percent=&#8220;0&#8243; force_width_grid=&#8220;yes&#8220; overlay_alpha=&#8220;50&#8243; gutter_size=&#8220;3&#8243; shift_y=&#8220;0&#8243; z_index=&#8220;0&#8243; uncode_shortcode_id=&#8220;775983&#8243;][vc_column_inner column_width_percent=&#8220;100&#8243; position_vertical=&#8220;middle&#8220; align_horizontal=&#8220;align_center&#8220; gutter_size=&#8220;3&#8243; expand_height=&#8220;yes&#8220; back_color=&#8220;color-xsdn&#8220; overlay_alpha=&#8220;50&#8243; shift_x=&#8220;0&#8243; shift_y=&#8220;0&#8243; shift_y_down=&#8220;0&#8243; z_index=&#8220;0&#8243; medium_width=&#8220;0&#8243; mobile_width=&#8220;0&#8243; radius=&#8220;std&#8220; shadow=&#8220;xs&#8220; width=&#8220;1\/2&#8243; uncode_shortcode_id=&#8220;199050&#8243; back_color_type=&#8220;uncode-palette&#8220;][vc_icon icon=&#8220;fa fa-map-marker&#8220; icon_color=&#8220;color-wayh&#8220; size=&#8220;fa-4x&#8220; uncode_shortcode_id=&#8220;970849&#8243; icon_color_type=&#8220;uncode-palette&#8220;][\/vc_icon][vc_custom_heading heading_semantic=&#8220;h3&#8243; text_size=&#8220;h1&#8243; uncode_shortcode_id=&#8220;922040&#8243;]Bicillevant<br \/>\n<span style=\"color: #a0ce4e;\">PORTOCOLOM<\/span>[\/vc_custom_heading][vc_button size=&#8220;btn-lg&#8220; border_width=&#8220;0&#8243; css_animation=&#8220;bottom-t-top&#8220; animation_delay=&#8220;300&#8243; link=&#8220;url:https%3A%2F%2Fbicillevant.com%2Fde%2Falquiler-de-bicicletas%2Ftienda-porto-colom%2F|title:Portocolom%20Laden|&#8220; uncode_shortcode_id=&#8220;420606&#8243;]Mieten Sie ein Fahrrad![\/vc_button][\/vc_column_inner][\/vc_row_inner][\/vc_column][\/vc_row][vc_row row_height_percent=&#8220;0&#8243; override_padding=&#8220;yes&#8220; h_padding=&#8220;2&#8243; top_padding=&#8220;5&#8243; bottom_padding=&#8220;5&#8243; overlay_alpha=&#8220;50&#8243; gutter_size=&#8220;3&#8243; column_width_percent=&#8220;100&#8243; shift_y=&#8220;0&#8243; z_index=&#8220;0&#8243; uncode_shortcode_id=&#8220;103079&#8243;][vc_column column_width_percent=&#8220;100&#8243; align_horizontal=&#8220;align_center&#8220; gutter_size=&#8220;3&#8243; overlay_alpha=&#8220;50&#8243; shift_x=&#8220;0&#8243; shift_y=&#8220;0&#8243; shift_y_down=&#8220;0&#8243; z_index=&#8220;0&#8243; medium_width=&#8220;0&#8243; mobile_width=&#8220;0&#8243; width=&#8220;1\/1&#8243; uncode_shortcode_id=&#8220;195430&#8243;][vc_custom_heading text_size=&#8220;fontsize-180443&#8243; uncode_shortcode_id=&#8220;203691&#8243;]<span class=\"text-accent-color\">Bicillevant<\/span> die Insel auf zwei R\u00e4dern[\/vc_custom_heading][\/vc_column][\/vc_row][vc_row unlock_row_content=&#8220;yes&#8220; row_height_percent=&#8220;0&#8243; overlay_alpha=&#8220;50&#8243; gutter_size=&#8220;3&#8243; column_width_percent=&#8220;100&#8243; shift_y=&#8220;0&#8243; z_index=&#8220;0&#8243; uncode_shortcode_id=&#8220;200957&#8243;][vc_column column_width_percent=&#8220;100&#8243; gutter_size=&#8220;3&#8243; overlay_alpha=&#8220;50&#8243; shift_x=&#8220;0&#8243; shift_y=&#8220;0&#8243; shift_y_down=&#8220;0&#8243; z_index=&#8220;0&#8243; medium_width=&#8220;0&#8243; mobile_width=&#8220;0&#8243; radius=&#8220;std&#8220; shadow=&#8220;xs&#8220; width=&#8220;1\/1&#8243; uncode_shortcode_id=&#8220;315375&#8243;][vc_row_inner row_inner_height_percent=&#8220;0&#8243; force_width_grid=&#8220;yes&#8220; overlay_alpha=&#8220;50&#8243; gutter_size=&#8220;0&#8243; shift_y=&#8220;0&#8243; z_index=&#8220;0&#8243; uncode_shortcode_id=&#8220;138661&#8243;][vc_column_inner column_width_percent=&#8220;100&#8243; gutter_size=&#8220;6&#8243; override_padding=&#8220;yes&#8220; column_padding=&#8220;0&#8243; expand_height=&#8220;yes&#8220; back_image=&#8220;50&#8243; back_position=&#8220;center center&#8220; overlay_alpha=&#8220;50&#8243; shift_x=&#8220;0&#8243; shift_y=&#8220;0&#8243; shift_y_down=&#8220;0&#8243; z_index=&#8220;0&#8243; medium_width=&#8220;0&#8243; mobile_width=&#8220;0&#8243; width=&#8220;1\/2&#8243; uncode_shortcode_id=&#8220;957721&#8243; mobile_height=&#8220;400&#8243;][vc_empty_space empty_h=&#8220;5&#8243;][\/vc_column_inner][vc_column_inner column_width_percent=&#8220;100&#8243; position_vertical=&#8220;middle&#8220; gutter_size=&#8220;3&#8243; override_padding=&#8220;yes&#8220; column_padding=&#8220;3&#8243; expand_height=&#8220;yes&#8220; overlay_alpha=&#8220;50&#8243; shift_x=&#8220;0&#8243; shift_y=&#8220;0&#8243; shift_y_down=&#8220;0&#8243; z_index=&#8220;0&#8243; medium_width=&#8220;0&#8243; mobile_width=&#8220;0&#8243; width=&#8220;1\/2&#8243; uncode_shortcode_id=&#8220;407932&#8243;][vc_custom_heading heading_semantic=&#8220;h3&#8243; text_size=&#8220;h1&#8243; uncode_shortcode_id=&#8220;287163&#8243;]Vermietung von <span class=\"text-accent-color\">Fahrr\u00e4dern<\/span>[\/vc_custom_heading][vc_column_text text_lead=&#8220;yes&#8220; uncode_shortcode_id=&#8220;113263&#8243;]Sp\u00fcren Sie die Meeresbrise oder die frische Bergluft, entdecken Sie neue Wege und erleben Sie das Abenteuer![\/vc_column_text][vc_empty_space empty_h=&#8220;2&#8243;][vc_button button_color=&#8220;accent&#8220; size=&#8220;btn-lg&#8220; border_width=&#8220;0&#8243; css_animation=&#8220;bottom-t-top&#8220; animation_delay=&#8220;300&#8243; link=&#8220;url:https%3A%2F%2Fbicillevant.com%2Fde%2Falquiler-de-bicicletas%2F|title:Fahrradverleih|&#8220; button_color_type=&#8220;uncode-palette&#8220; uncode_shortcode_id=&#8220;258674&#8243;]Mehr sehen[\/vc_button][\/vc_column_inner][\/vc_row_inner][\/vc_column][\/vc_row][vc_row unlock_row_content=&#8220;yes&#8220; row_height_percent=&#8220;0&#8243; overlay_alpha=&#8220;50&#8243; gutter_size=&#8220;3&#8243; column_width_percent=&#8220;100&#8243; shift_y=&#8220;0&#8243; z_index=&#8220;0&#8243; uncode_shortcode_id=&#8220;200957&#8243;][vc_column column_width_percent=&#8220;100&#8243; gutter_size=&#8220;3&#8243; overlay_alpha=&#8220;50&#8243; shift_x=&#8220;0&#8243; shift_y=&#8220;0&#8243; shift_y_down=&#8220;0&#8243; z_index=&#8220;0&#8243; medium_width=&#8220;0&#8243; mobile_width=&#8220;0&#8243; radius=&#8220;std&#8220; shadow=&#8220;xs&#8220; width=&#8220;1\/1&#8243; uncode_shortcode_id=&#8220;315375&#8243;][vc_row_inner row_inner_height_percent=&#8220;0&#8243; force_width_grid=&#8220;yes&#8220; overlay_alpha=&#8220;50&#8243; gutter_size=&#8220;0&#8243; shift_y=&#8220;0&#8243; z_index=&#8220;0&#8243; inverted_device_order=&#8220;yes&#8220; uncode_shortcode_id=&#8220;135612&#8243;][vc_column_inner column_width_percent=&#8220;100&#8243; position_vertical=&#8220;middle&#8220; gutter_size=&#8220;3&#8243; override_padding=&#8220;yes&#8220; column_padding=&#8220;3&#8243; expand_height=&#8220;yes&#8220; overlay_alpha=&#8220;50&#8243; shift_x=&#8220;0&#8243; shift_y=&#8220;0&#8243; shift_y_down=&#8220;0&#8243; z_index=&#8220;0&#8243; medium_width=&#8220;0&#8243; mobile_width=&#8220;0&#8243; width=&#8220;1\/2&#8243; uncode_shortcode_id=&#8220;130840&#8243;][vc_custom_heading heading_semantic=&#8220;h3&#8243; text_size=&#8220;h1&#8243; uncode_shortcode_id=&#8220;883868&#8243;]<span class=\"text-accent-color\">Gef\u00fchrte<\/span> Routen[\/vc_custom_heading][vc_column_text text_lead=&#8220;yes&#8220; uncode_shortcode_id=&#8220;107070&#8243;]Wagen Sie es, neue Ziele zu entdecken und erleben Sie ein Fahrradabenteuer! Unsere Radrouten f\u00fchren Sie durch wundersch\u00f6ne Landschaften und bieten Ihnen ein spannendes und einzigartiges Erlebnis.[\/vc_column_text][vc_empty_space empty_h=&#8220;2&#8243;][vc_button button_color=&#8220;accent&#8220; size=&#8220;btn-lg&#8220; border_width=&#8220;0&#8243; css_animation=&#8220;bottom-t-top&#8220; animation_delay=&#8220;300&#8243; link=&#8220;url:https%3A%2F%2Fbicillevant.com%2Fde%2Frutas-guiadas%2F|title:Gef%C3%BChrte%20Routen|&#8220; button_color_type=&#8220;uncode-palette&#8220; uncode_shortcode_id=&#8220;682356&#8243;]Mehr sehen[\/vc_button][\/vc_column_inner][vc_column_inner column_width_percent=&#8220;100&#8243; gutter_size=&#8220;6&#8243; override_padding=&#8220;yes&#8220; column_padding=&#8220;0&#8243; expand_height=&#8220;yes&#8220; back_image=&#8220;51&#8243; back_position=&#8220;center center&#8220; overlay_alpha=&#8220;50&#8243; shift_x=&#8220;0&#8243; shift_y=&#8220;0&#8243; shift_y_down=&#8220;0&#8243; z_index=&#8220;0&#8243; medium_width=&#8220;0&#8243; mobile_width=&#8220;0&#8243; width=&#8220;1\/2&#8243; uncode_shortcode_id=&#8220;185343&#8243; mobile_height=&#8220;400&#8243;][vc_empty_space empty_h=&#8220;5&#8243;][\/vc_column_inner][\/vc_row_inner][\/vc_column][\/vc_row][vc_row unlock_row_content=&#8220;yes&#8220; row_height_percent=&#8220;0&#8243; overlay_alpha=&#8220;50&#8243; gutter_size=&#8220;3&#8243; column_width_percent=&#8220;100&#8243; shift_y=&#8220;0&#8243; z_index=&#8220;0&#8243; uncode_shortcode_id=&#8220;200957&#8243;][vc_column column_width_percent=&#8220;100&#8243; gutter_size=&#8220;3&#8243; overlay_alpha=&#8220;50&#8243; shift_x=&#8220;0&#8243; shift_y=&#8220;0&#8243; shift_y_down=&#8220;0&#8243; z_index=&#8220;0&#8243; medium_width=&#8220;0&#8243; mobile_width=&#8220;0&#8243; radius=&#8220;std&#8220; shadow=&#8220;xs&#8220; width=&#8220;1\/1&#8243; uncode_shortcode_id=&#8220;315375&#8243;][vc_row_inner row_inner_height_percent=&#8220;0&#8243; force_width_grid=&#8220;yes&#8220; overlay_alpha=&#8220;50&#8243; gutter_size=&#8220;0&#8243; shift_y=&#8220;0&#8243; z_index=&#8220;0&#8243; uncode_shortcode_id=&#8220;138661&#8243;][vc_column_inner column_width_percent=&#8220;100&#8243; gutter_size=&#8220;6&#8243; override_padding=&#8220;yes&#8220; column_padding=&#8220;0&#8243; expand_height=&#8220;yes&#8220; back_image=&#8220;52&#8243; back_position=&#8220;center center&#8220; overlay_alpha=&#8220;50&#8243; shift_x=&#8220;0&#8243; shift_y=&#8220;0&#8243; shift_y_down=&#8220;0&#8243; z_index=&#8220;0&#8243; medium_width=&#8220;0&#8243; mobile_width=&#8220;0&#8243; width=&#8220;1\/2&#8243; uncode_shortcode_id=&#8220;463723&#8243; mobile_height=&#8220;400&#8243;][vc_empty_space empty_h=&#8220;5&#8243;][\/vc_column_inner][vc_column_inner column_width_percent=&#8220;100&#8243; position_vertical=&#8220;middle&#8220; gutter_size=&#8220;3&#8243; override_padding=&#8220;yes&#8220; column_padding=&#8220;3&#8243; expand_height=&#8220;yes&#8220; overlay_alpha=&#8220;50&#8243; shift_x=&#8220;0&#8243; shift_y=&#8220;0&#8243; shift_y_down=&#8220;0&#8243; z_index=&#8220;0&#8243; medium_width=&#8220;0&#8243; mobile_width=&#8220;0&#8243; width=&#8220;1\/2&#8243; uncode_shortcode_id=&#8220;407932&#8243;][vc_custom_heading heading_semantic=&#8220;h3&#8243; text_size=&#8220;h1&#8243; uncode_shortcode_id=&#8220;125732&#8243;]Campus <span class=\"text-accent-color\">Bicillevant<\/span>[\/vc_custom_heading][vc_column_text text_lead=&#8220;yes&#8220; uncode_shortcode_id=&#8220;969236&#8243;]Wecken Sie die Leidenschaft Ihrer Kinder f\u00fcr das Radfahren mit unserem Bildungsprojekt <strong>Campus Bicillevant<\/strong>! Sie werden F\u00e4higkeiten erlernen, die Natur genie\u00dfen und neue Freunde in einer lustigen und sicheren Umgebung finden.[\/vc_column_text][vc_empty_space empty_h=&#8220;2&#8243;][vc_button button_color=&#8220;accent&#8220; size=&#8220;btn-lg&#8220; border_width=&#8220;0&#8243; css_animation=&#8220;bottom-t-top&#8220; animation_delay=&#8220;300&#8243; link=&#8220;url:https%3A%2F%2Fbicillevant.com%2Fde%2Fcampus-bicillevant%2F|title:Bildungsprojekt|&#8220; button_color_type=&#8220;uncode-palette&#8220; uncode_shortcode_id=&#8220;207279&#8243;]Mehr sehen[\/vc_button][\/vc_column_inner][\/vc_row_inner][\/vc_column][\/vc_row][vc_row unlock_row_content=&#8220;yes&#8220; row_height_percent=&#8220;0&#8243; override_padding=&#8220;yes&#8220; h_padding=&#8220;2&#8243; top_padding=&#8220;5&#8243; bottom_padding=&#8220;2&#8243; overlay_alpha=&#8220;50&#8243; gutter_size=&#8220;3&#8243; column_width_percent=&#8220;100&#8243; shift_y=&#8220;0&#8243; z_index=&#8220;0&#8243; uncode_shortcode_id=&#8220;147885&#8243;][vc_column column_width_percent=&#8220;100&#8243; gutter_size=&#8220;3&#8243; overlay_alpha=&#8220;50&#8243; shift_x=&#8220;0&#8243; shift_y=&#8220;0&#8243; shift_y_down=&#8220;0&#8243; z_index=&#8220;0&#8243; medium_width=&#8220;0&#8243; mobile_width=&#8220;0&#8243; width=&#8220;1\/1&#8243; uncode_shortcode_id=&#8220;783176&#8243;][vc_custom_heading text_size=&#8220;fontsize-180443&#8243; uncode_shortcode_id=&#8220;185249&#8243;]Partner von <span class=\"text-accent-color\">Bicillevant<\/span>[\/vc_custom_heading][\/vc_column][\/vc_row][vc_row unlock_row_content=&#8220;yes&#8220; row_height_percent=&#8220;0&#8243; override_padding=&#8220;yes&#8220; h_padding=&#8220;0&#8243; top_padding=&#8220;0&#8243; bottom_padding=&#8220;0&#8243; overlay_alpha=&#8220;100&#8243; gutter_size=&#8220;0&#8243; style=&#8220;inherited&#8220;][\/vc_row][vc_row unlock_row_content=&#8220;yes&#8220; row_height_percent=&#8220;0&#8243; override_padding=&#8220;yes&#8220; h_padding=&#8220;2&#8243; top_padding=&#8220;3&#8243; bottom_padding=&#8220;5&#8243; overlay_alpha=&#8220;100&#8243; gutter_size=&#8220;3&#8243; column_width_percent=&#8220;100&#8243; border_color=&#8220;color-gyho&#8220; border_style=&#8220;solid&#8220; shift_y=&#8220;0&#8243; z_index=&#8220;0&#8243; uncode_shortcode_id=&#8220;165642&#8243; border_color_type=&#8220;uncode-palette&#8220;][vc_column column_width_percent=&#8220;100&#8243; align_horizontal=&#8220;align_center&#8220; gutter_size=&#8220;3&#8243; overlay_alpha=&#8220;100&#8243; shift_x=&#8220;0&#8243; shift_y=&#8220;0&#8243; z_index=&#8220;0&#8243; medium_width=&#8220;0&#8243; zoom_width=&#8220;0&#8243; zoom_height=&#8220;0&#8243; width=&#8220;1\/1&#8243;][vc_gallery el_id=&#8220;gallery-85457&#8243; type=&#8220;carousel&#8220; medias=&#8220;118426,118430,118434,54,55,56,59,60,62&#8243; carousel_lg=&#8220;7&#8243; carousel_md=&#8220;5&#8243; carousel_sm=&#8220;3&#8243; gutter_size=&#8220;3&#8243; media_items=&#8220;media|nolink|original,icon&#8220; carousel_interval=&#8220;3000&#8243; carousel_navspeed=&#8220;400&#8243; carousel_loop=&#8220;yes&#8220; stage_padding=&#8220;0&#8243; single_overlay_opacity=&#8220;50&#8243; single_overlay_anim=&#8220;no&#8220; single_text_anim=&#8220;no&#8220; single_image_coloration=&#8220;desaturated&#8220; single_image_anim=&#8220;no&#8220; single_padding=&#8220;2&#8243; single_border=&#8220;yes&#8220; uncode_shortcode_id=&#8220;320434&#8243;][\/vc_column][\/vc_row]<\/p>\n<\/div>","protected":false},"excerpt":{"rendered":"<p>[vc_row row_height_percent=&#8220;100&#8243; overlay_alpha=&#8220;52&#8243; gutter_size=&#8220;3&#8243; column_width_percent=&#8220;100&#8243; shift_y=&#8220;0&#8243; z_index=&#8220;0&#8243; uncode_shortcode_id=&#8220;482765&#8243; front_end_with_slider=&#8220;true&#8220;][vc_column width=&#8220;1\/1&#8243;][uncode_slider slider_type=&#8220;fade&#8220; slider_interval=&#8220;5000&#8243; slider_navspeed=&#8220;400&#8243;][vc_row_inner row_inner_height_percent=&#8220;0&#8243; back_color=&#8220;color-wayh&#8220; back_image=&#8220;42&#8243; parallax=&#8220;yes&#8220; overlay_color=&#8220;color-jevc&#8220; overlay_alpha=&#8220;30&#8243; gutter_size=&#8220;3&#8243; [&hellip;]<\/p>\n","protected":false},"author":2,"featured_media":0,"parent":0,"menu_order":0,"comment_status":"closed","ping_status":"closed","template":"","meta":{"footnotes":""},"class_list":["post-118807","page","type-page","status-publish","hentry"],"_links":{"self":[{"href":"https:\/\/bicillevant.com\/de\/wp-json\/wp\/v2\/pages\/118807","targetHints":{"allow":["GET"]}}],"collection":[{"href":"https:\/\/bicillevant.com\/de\/wp-json\/wp\/v2\/pages"}],"about":[{"href":"https:\/\/bicillevant.com\/de\/wp-json\/wp\/v2\/types\/page"}],"author":[{"embeddable":true,"href":"https:\/\/bicillevant.com\/de\/wp-json\/wp\/v2\/users\/2"}],"replies":[{"embeddable":true,"href":"https:\/\/bicillevant.com\/de\/wp-json\/wp\/v2\/comments?post=118807"}],"version-history":[{"count":21,"href":"https:\/\/bicillevant.com\/de\/wp-json\/wp\/v2\/pages\/118807\/revisions"}],"predecessor-version":[{"id":119033,"href":"https:\/\/bicillevant.com\/de\/wp-json\/wp\/v2\/pages\/118807\/revisions\/119033"}],"wp:attachment":[{"href":"https:\/\/bicillevant.com\/de\/wp-json\/wp\/v2\/media?parent=118807"}],"curies":[{"name":"wp","href":"https:\/\/api.w.org\/{rel}","templated":true}]}}