	{"id":118803,"date":"2023-02-20T17:18:07","date_gmt":"2023-02-20T17:18:07","guid":{"rendered":"https:\/\/bicillevant.com\/gefuehrte-routen\/"},"modified":"2023-04-24T11:12:51","modified_gmt":"2023-04-24T11:12:51","slug":"gefuehrte-routen","status":"publish","type":"page","link":"https:\/\/bicillevant.com\/de\/gefuehrte-routen\/","title":{"rendered":"Gef\u00fchrte Routen"},"content":{"rendered":"<div class=\"wpb-content-wrapper\"><p>[vc_row row_height_percent=&#8220;0&#8243; override_padding=&#8220;yes&#8220; h_padding=&#8220;2&#8243; top_padding=&#8220;5&#8243; bottom_padding=&#8220;0&#8243; overlay_alpha=&#8220;50&#8243; gutter_size=&#8220;3&#8243; column_width_percent=&#8220;100&#8243; shift_y=&#8220;0&#8243; z_index=&#8220;0&#8243; bottom_divider=&#8220;step_3_4&#8243; uncode_shortcode_id=&#8220;836285&#8243;][vc_column column_width_percent=&#8220;100&#8243; position_vertical=&#8220;middle&#8220; gutter_size=&#8220;3&#8243; overlay_alpha=&#8220;50&#8243; shift_x=&#8220;0&#8243; shift_y=&#8220;0&#8243; shift_y_down=&#8220;0&#8243; z_index=&#8220;0&#8243; medium_width=&#8220;0&#8243; mobile_width=&#8220;0&#8243; width=&#8220;1\/1&#8243; uncode_shortcode_id=&#8220;729091&#8243;][vc_column_text text_lead=&#8220;yes&#8220; uncode_shortcode_id=&#8220;172301&#8243;]<\/p>\n<p style=\"text-align: justify;\"><strong>Bicillevant<\/strong> bietet Ihnen eine gro\u00dfe Auswahl an gef\u00fchrten und erkl\u00e4rten Mountainbike (MTB)-Routen mit unterschiedlichen Schwierigkeitsgraden und Themen. Wir kennen das Gebiet und wir zeigen es gerne. Kultur, Natur, Landschaft, Evolution&#8230; Unsere Betreuer passen unsere Routen an Ihre W\u00fcnsche an. Unber\u00fchrte Buchten, l\u00e4ndliche Wege, technisch schwierige Strecken, Besuche von Weinbergen und Weinkellereien&#8230; Wir stellen Ihnen Karten zur Verf\u00fcgung und k\u00f6nnen Ihnen Routen vorschlagen, die Ihren Interessen entsprechen.<\/p>\n<p>[\/vc_column_text][\/vc_column][\/vc_row][vc_row row_height_percent=&#8220;0&#8243; override_padding=&#8220;yes&#8220; h_padding=&#8220;2&#8243; top_padding=&#8220;5&#8243; bottom_padding=&#8220;5&#8243; overlay_alpha=&#8220;50&#8243; gutter_size=&#8220;3&#8243; column_width_percent=&#8220;100&#8243; shift_y=&#8220;0&#8243; z_index=&#8220;0&#8243; uncode_shortcode_id=&#8220;103079&#8243;][vc_column column_width_percent=&#8220;100&#8243; align_horizontal=&#8220;align_center&#8220; gutter_size=&#8220;3&#8243; overlay_alpha=&#8220;50&#8243; shift_x=&#8220;0&#8243; shift_y=&#8220;0&#8243; shift_y_down=&#8220;0&#8243; z_index=&#8220;0&#8243; medium_width=&#8220;0&#8243; mobile_width=&#8220;0&#8243; width=&#8220;1\/1&#8243; uncode_shortcode_id=&#8220;195430&#8243;][vc_custom_heading text_size=&#8220;fontsize-180443&#8243; uncode_shortcode_id=&#8220;305201&#8243;]Einige der <span class=\"text-accent-color\">Routen<\/span>, die Sie mit uns machen k\u00f6nnen[\/vc_custom_heading][\/vc_column][\/vc_row][vc_row unlock_row_content=&#8220;yes&#8220; row_height_percent=&#8220;0&#8243; override_padding=&#8220;yes&#8220; h_padding=&#8220;0&#8243; top_padding=&#8220;0&#8243; bottom_padding=&#8220;0&#8243; back_color=&#8220;color-wayh&#8220; overlay_alpha=&#8220;100&#8243; gutter_size=&#8220;100&#8243; column_width_percent=&#8220;100&#8243; shift_y=&#8220;0&#8243; z_index=&#8220;0&#8243; top_divider=&#8220;gradient&#8220; style=&#8220;inherited&#8220; row_name=&#8220;blog&#8220; uncode_shortcode_id=&#8220;319838&#8243; back_color_type=&#8220;uncode-palette&#8220;][vc_column column_width_percent=&#8220;100&#8243; gutter_size=&#8220;3&#8243; style=&#8220;dark&#8220; overlay_alpha=&#8220;50&#8243; shift_x=&#8220;0&#8243; shift_y=&#8220;0&#8243; shift_y_down=&#8220;0&#8243; z_index=&#8220;0&#8243; medium_width=&#8220;0&#8243; mobile_width=&#8220;0&#8243; width=&#8220;1\/1&#8243;][uncode_index el_id=&#8220;index-36613222&#8243; index_type=&#8220;carousel&#8220; loop=&#8220;size:All|order_by:date|post_type:post|taxonomy_count:10&#8243; carousel_lg=&#8220;3&#8243; carousel_md=&#8220;2&#8243; carousel_sm=&#8220;1&#8243; thumb_size=&#8220;fluid&#8220; carousel_height_viewport=&#8220;70&#8243; gutter_size=&#8220;0&#8243; post_items=&#8220;media|featured|onpost|original,title,category|nobg|relative|display-icon&#8220; portfolio_items=&#8220;media|featured|onpost|original,category,title,spacer|two&#8220; carousel_interval=&#8220;5000&#8243; carousel_navspeed=&#8220;200&#8243; carousel_loop=&#8220;yes&#8220; carousel_dots=&#8220;yes&#8220; carousel_dots_mobile=&#8220;yes&#8220; carousel_dots_inside=&#8220;yes&#8220; carousel_dot_padding=&#8220;2&#8243; stage_padding=&#8220;0&#8243; single_text=&#8220;overlay&#8220; single_overlay_color=&#8220;color-wayh&#8220; single_overlay_coloration=&#8220;bottom_gradient&#8220; single_overlay_opacity=&#8220;50&#8243; single_overlay_visible=&#8220;yes&#8220; single_overlay_anim=&#8220;no&#8220; single_text_visible=&#8220;yes&#8220; single_text_anim=&#8220;no&#8220; single_h_align=&#8220;center&#8220; single_h_align_mobile=&#8220;center&#8220; single_v_position=&#8220;bottom&#8220; single_padding=&#8220;3&#8243; single_text_reduced=&#8220;yes&#8220; single_title_dimension=&#8220;h4&#8243; single_border=&#8220;yes&#8220; single_css_animation=&#8220;right-t-left&#8220; single_animation_speed=&#8220;200&#8243; single_animation_delay=&#8220;400&#8243; single_image_anim_move=&#8220;yes&#8220; items=&#8220;e30=&#8220; uncode_shortcode_id=&#8220;115133&#8243;][\/vc_column][\/vc_row][vc_row row_height_percent=&#8220;0&#8243; override_padding=&#8220;yes&#8220; h_padding=&#8220;2&#8243; top_padding=&#8220;5&#8243; bottom_padding=&#8220;2&#8243; overlay_alpha=&#8220;50&#8243; gutter_size=&#8220;3&#8243; column_width_percent=&#8220;100&#8243; shift_y=&#8220;0&#8243; z_index=&#8220;0&#8243; uncode_shortcode_id=&#8220;108217&#8243;][vc_column column_width_percent=&#8220;100&#8243; align_horizontal=&#8220;align_center&#8220; gutter_size=&#8220;3&#8243; overlay_alpha=&#8220;50&#8243; shift_x=&#8220;0&#8243; shift_y=&#8220;0&#8243; shift_y_down=&#8220;0&#8243; z_index=&#8220;0&#8243; medium_width=&#8220;0&#8243; mobile_width=&#8220;0&#8243; width=&#8220;1\/1&#8243; uncode_shortcode_id=&#8220;195430&#8243;][vc_custom_heading text_size=&#8220;fontsize-180443&#8243; uncode_shortcode_id=&#8220;182089&#8243;]Unsere <span class=\"text-accent-color\">Preise<\/span>[\/vc_custom_heading][\/vc_column][\/vc_row][vc_row unlock_row_content=&#8220;yes&#8220; row_height_percent=&#8220;0&#8243; override_padding=&#8220;yes&#8220; h_padding=&#8220;2&#8243; top_padding=&#8220;2&#8243; bottom_padding=&#8220;3&#8243; overlay_alpha=&#8220;0&#8243; gutter_size=&#8220;3&#8243; column_width_percent=&#8220;100&#8243; shift_y=&#8220;0&#8243; z_index=&#8220;2&#8243; bottom_divider=&#8220;step_2_3&#8243; uncode_shortcode_id=&#8220;194985&#8243;][vc_column column_width_use_pixel=&#8220;yes&#8220; position_vertical=&#8220;middle&#8220; align_horizontal=&#8220;align_center&#8220; gutter_size=&#8220;0&#8243; expand_height=&#8220;yes&#8220; overlay_alpha=&#8220;50&#8243; shift_x=&#8220;0&#8243; shift_y=&#8220;0&#8243; shift_y_down=&#8220;0&#8243; shift_y_down_fixed=&#8220;yes&#8220; z_index=&#8220;0&#8243; medium_width=&#8220;0&#8243; align_mobile=&#8220;align_center_mobile&#8220; mobile_width=&#8220;0&#8243; width=&#8220;1\/1&#8243; uncode_shortcode_id=&#8220;203270&#8243;][vc_row_inner row_inner_height_percent=&#8220;0&#8243; overlay_alpha=&#8220;50&#8243; equal_height=&#8220;yes&#8220; gutter_size=&#8220;3&#8243; shift_y=&#8220;0&#8243; z_index=&#8220;0&#8243; uncode_shortcode_id=&#8220;626470&#8243;][vc_column_inner column_width_percent=&#8220;100&#8243; position_vertical=&#8220;middle&#8220; align_horizontal=&#8220;align_center&#8220; gutter_size=&#8220;3&#8243; expand_height=&#8220;yes&#8220; style=&#8220;dark&#8220; back_color=&#8220;color-wayh&#8220; overlay_alpha=&#8220;50&#8243; shift_x=&#8220;0&#8243; shift_y=&#8220;0&#8243; shift_y_down=&#8220;0&#8243; z_index=&#8220;0&#8243; medium_width=&#8220;0&#8243; mobile_width=&#8220;0&#8243; radius=&#8220;std&#8220; shadow=&#8220;xs&#8220; width=&#8220;1\/3&#8243; uncode_shortcode_id=&#8220;420713&#8243; back_color_type=&#8220;uncode-palette&#8220;][vc_custom_heading heading_semantic=&#8220;h3&#8243; uncode_shortcode_id=&#8220;147733&#8243;]Route 2\/3 Stunden[\/vc_custom_heading][vc_custom_heading text_color=&#8220;accent&#8220; heading_semantic=&#8220;h3&#8243; text_size=&#8220;fontsize-143353&#8243; uncode_shortcode_id=&#8220;122910&#8243; text_color_type=&#8220;uncode-palette&#8220;]25\u20ac[\/vc_custom_heading][uncode_list icon=&#8220;fa fa-check&#8220; icon_color=&#8220;accent&#8220; uncode_shortcode_id=&#8220;185973&#8243; icon_color_type=&#8220;uncode-palette&#8220;]<\/p>\n<ul style=\"text-align: left; list-style: none;\">\n<li>Preis pro Person<\/li>\n<li>Rabatt f\u00fcr 10 oder mehr Personen<\/li>\n<li>Fahrradverleih nicht inbegriffen<\/li>\n<li>Beispiele f\u00fcr Strecken von 2-3 Stunden: Strecke nach Cala Sanau, Strecke nach S&#8217;Horta&#8230;<\/li>\n<\/ul>\n<p>[\/uncode_list][\/vc_column_inner][vc_column_inner column_width_percent=&#8220;100&#8243; position_vertical=&#8220;middle&#8220; align_horizontal=&#8220;align_center&#8220; gutter_size=&#8220;3&#8243; expand_height=&#8220;yes&#8220; style=&#8220;dark&#8220; back_color=&#8220;color-wayh&#8220; overlay_alpha=&#8220;50&#8243; shift_x=&#8220;0&#8243; shift_y=&#8220;0&#8243; shift_y_down=&#8220;0&#8243; z_index=&#8220;0&#8243; medium_width=&#8220;0&#8243; mobile_width=&#8220;0&#8243; radius=&#8220;std&#8220; shadow=&#8220;xs&#8220; width=&#8220;1\/3&#8243; uncode_shortcode_id=&#8220;198053&#8243; back_color_type=&#8220;uncode-palette&#8220;][vc_custom_heading heading_semantic=&#8220;h3&#8243; uncode_shortcode_id=&#8220;200702&#8243;]Route 3\/4 Stunden[\/vc_custom_heading][vc_custom_heading text_color=&#8220;accent&#8220; heading_semantic=&#8220;h3&#8243; text_size=&#8220;fontsize-143353&#8243; uncode_shortcode_id=&#8220;102197&#8243; text_color_type=&#8220;uncode-palette&#8220;]35\u20ac[\/vc_custom_heading][uncode_list icon=&#8220;fa fa-check&#8220; icon_color=&#8220;accent&#8220; uncode_shortcode_id=&#8220;110455&#8243; icon_color_type=&#8220;uncode-palette&#8220;]<\/p>\n<ul style=\"text-align: left; list-style: none;\">\n<li>Preis pro Person<\/li>\n<li>Rabatt f\u00fcr 10 oder mehr Personen<\/li>\n<li>Fahrradverleih nicht inbegriffen<\/li>\n<li>Beispiele f\u00fcr Routen von 3-4 Stunden: Naturpark Mondrag\u00f3, Weinberge von Felanitx&#8230;<\/li>\n<\/ul>\n<p>[\/uncode_list][\/vc_column_inner][vc_column_inner column_width_percent=&#8220;100&#8243; position_vertical=&#8220;middle&#8220; align_horizontal=&#8220;align_center&#8220; gutter_size=&#8220;3&#8243; expand_height=&#8220;yes&#8220; style=&#8220;dark&#8220; back_color=&#8220;color-wayh&#8220; overlay_alpha=&#8220;50&#8243; shift_x=&#8220;0&#8243; shift_y=&#8220;0&#8243; shift_y_down=&#8220;0&#8243; z_index=&#8220;0&#8243; medium_width=&#8220;0&#8243; mobile_width=&#8220;0&#8243; radius=&#8220;std&#8220; shadow=&#8220;xs&#8220; width=&#8220;1\/3&#8243; uncode_shortcode_id=&#8220;588966&#8243; back_color_type=&#8220;uncode-palette&#8220;][vc_custom_heading heading_semantic=&#8220;h3&#8243; uncode_shortcode_id=&#8220;129722&#8243;]Route 5\/6 Stunden[\/vc_custom_heading][vc_custom_heading text_color=&#8220;accent&#8220; heading_semantic=&#8220;h3&#8243; text_size=&#8220;fontsize-143353&#8243; uncode_shortcode_id=&#8220;127812&#8243; text_color_type=&#8220;uncode-palette&#8220;]45\u20ac[\/vc_custom_heading][uncode_list icon=&#8220;fa fa-check&#8220; icon_color=&#8220;accent&#8220; uncode_shortcode_id=&#8220;200307&#8243; icon_color_type=&#8220;uncode-palette&#8220;]<\/p>\n<ul style=\"text-align: left; list-style: none;\">\n<li>Preis pro Person<\/li>\n<li>Rabatt f\u00fcr 10 oder mehr Personen<\/li>\n<li>Fahrradverleih nicht inbegriffen<\/li>\n<li>Beispiele f\u00fcr Routen, die 5-6 Stunden dauern: Es Fangar und unber\u00fchrte Buchten, Sant Salvador, Cala Figuera&#8230;<\/li>\n<\/ul>\n<p>[\/uncode_list][\/vc_column_inner][\/vc_row_inner][\/vc_column][\/vc_row][vc_row row_height_percent=&#8220;0&#8243; override_padding=&#8220;yes&#8220; h_padding=&#8220;2&#8243; top_padding=&#8220;2&#8243; bottom_padding=&#8220;5&#8243; overlay_alpha=&#8220;50&#8243; gutter_size=&#8220;3&#8243; column_width_percent=&#8220;100&#8243; shift_y=&#8220;0&#8243; z_index=&#8220;0&#8243; uncode_shortcode_id=&#8220;155513&#8243;][vc_column column_width_percent=&#8220;100&#8243; position_vertical=&#8220;middle&#8220; align_horizontal=&#8220;align_center&#8220; gutter_size=&#8220;3&#8243; overlay_alpha=&#8220;50&#8243; shift_x=&#8220;0&#8243; shift_y=&#8220;0&#8243; shift_y_down=&#8220;0&#8243; z_index=&#8220;0&#8243; medium_width=&#8220;0&#8243; mobile_width=&#8220;0&#8243; width=&#8220;1\/1&#8243; uncode_shortcode_id=&#8220;168973&#8243;][vc_button size=&#8220;btn-xl&#8220; border_width=&#8220;0&#8243; css_animation=&#8220;bottom-t-top&#8220; animation_delay=&#8220;300&#8243; link=&#8220;url:https%3A%2F%2Fbicillevant.com%2Fde%2Fcontacto%2F|title:Kontakt|&#8220; uncode_shortcode_id=&#8220;104562&#8243;]Route buchen![\/vc_button][\/vc_column][\/vc_row]<\/p>\n<\/div>","protected":false},"excerpt":{"rendered":"<p>[vc_row row_height_percent=&#8220;0&#8243; override_padding=&#8220;yes&#8220; h_padding=&#8220;2&#8243; top_padding=&#8220;5&#8243; bottom_padding=&#8220;0&#8243; overlay_alpha=&#8220;50&#8243; gutter_size=&#8220;3&#8243; column_width_percent=&#8220;100&#8243; shift_y=&#8220;0&#8243; z_index=&#8220;0&#8243; bottom_divider=&#8220;step_3_4&#8243; uncode_shortcode_id=&#8220;836285&#8243;][vc_column column_width_percent=&#8220;100&#8243; position_vertical=&#8220;middle&#8220; gutter_size=&#8220;3&#8243; overlay_alpha=&#8220;50&#8243; shift_x=&#8220;0&#8243; shift_y=&#8220;0&#8243; shift_y_down=&#8220;0&#8243; [&hellip;]<\/p>\n","protected":false},"author":2,"featured_media":117901,"parent":0,"menu_order":0,"comment_status":"closed","ping_status":"closed","template":"","meta":{"footnotes":""},"class_list":["post-118803","page","type-page","status-publish","has-post-thumbnail","hentry"],"_links":{"self":[{"href":"https:\/\/bicillevant.com\/de\/wp-json\/wp\/v2\/pages\/118803","targetHints":{"allow":["GET"]}}],"collection":[{"href":"https:\/\/bicillevant.com\/de\/wp-json\/wp\/v2\/pages"}],"about":[{"href":"https:\/\/bicillevant.com\/de\/wp-json\/wp\/v2\/types\/page"}],"author":[{"embeddable":true,"href":"https:\/\/bicillevant.com\/de\/wp-json\/wp\/v2\/users\/2"}],"replies":[{"embeddable":true,"href":"https:\/\/bicillevant.com\/de\/wp-json\/wp\/v2\/comments?post=118803"}],"version-history":[{"count":7,"href":"https:\/\/bicillevant.com\/de\/wp-json\/wp\/v2\/pages\/118803\/revisions"}],"predecessor-version":[{"id":118941,"href":"https:\/\/bicillevant.com\/de\/wp-json\/wp\/v2\/pages\/118803\/revisions\/118941"}],"wp:featuredmedia":[{"embeddable":true,"href":"https:\/\/bicillevant.com\/de\/wp-json\/wp\/v2\/media\/117901"}],"wp:attachment":[{"href":"https:\/\/bicillevant.com\/de\/wp-json\/wp\/v2\/media?parent=118803"}],"curies":[{"name":"wp","href":"https:\/\/api.w.org\/{rel}","templated":true}]}}