	{"id":118799,"date":"2023-02-20T17:19:07","date_gmt":"2023-02-20T17:19:07","guid":{"rendered":"https:\/\/bicillevant.com\/campus-bicillevant\/"},"modified":"2023-04-24T11:13:03","modified_gmt":"2023-04-24T11:13:03","slug":"campus-bicillevant","status":"publish","type":"page","link":"https:\/\/bicillevant.com\/de\/campus-bicillevant\/","title":{"rendered":"Campus Bicillevant"},"content":{"rendered":"<div class=\"wpb-content-wrapper\"><p>[vc_row row_height_percent=&#8220;0&#8243; override_padding=&#8220;yes&#8220; h_padding=&#8220;2&#8243; top_padding=&#8220;5&#8243; bottom_padding=&#8220;0&#8243; overlay_alpha=&#8220;50&#8243; gutter_size=&#8220;3&#8243; column_width_percent=&#8220;100&#8243; shift_y=&#8220;0&#8243; z_index=&#8220;0&#8243; bottom_divider=&#8220;step_3_4&#8243; uncode_shortcode_id=&#8220;836285&#8243;][vc_column column_width_percent=&#8220;100&#8243; position_vertical=&#8220;middle&#8220; gutter_size=&#8220;3&#8243; overlay_alpha=&#8220;50&#8243; shift_x=&#8220;0&#8243; shift_y=&#8220;0&#8243; shift_y_down=&#8220;0&#8243; z_index=&#8220;0&#8243; medium_width=&#8220;0&#8243; mobile_width=&#8220;0&#8243; width=&#8220;1\/1&#8243; uncode_shortcode_id=&#8220;729091&#8243;][vc_column_text text_lead=&#8220;yes&#8220; uncode_shortcode_id=&#8220;463794&#8243;]&#8220;<strong>Campus Bicillevant&#8220;<\/strong> ist der Name unseres Bildungsprojekts, das auf jahrelanger Erfahrung im Unterricht an Grund- und weiterf\u00fchrenden Schulen basiert, immer mit dem Fahrrad als rotem Faden f\u00fcr die Ausbildung von Kindern und Jugendlichen.<\/p>\n<p>Wir nutzen das Fahrrad und die unendlichen M\u00f6glichkeiten, die es bietet, als p\u00e4dagogisches Mittel. Auf spielerische und gesunde Weise vermitteln wir grundlegende Kenntnisse f\u00fcr das t\u00e4gliche Leben, wie z. B. Selbstst\u00e4ndigkeit und Verkehrssicherheit. Wir nutzen die Vorteile einer Freizeitumgebung, um kulturelle und \u00f6kologische Werte zu vermitteln.[\/vc_column_text][\/vc_column][\/vc_row][vc_row row_height_percent=&#8220;0&#8243; override_padding=&#8220;yes&#8220; h_padding=&#8220;2&#8243; top_padding=&#8220;5&#8243; bottom_padding=&#8220;5&#8243; overlay_alpha=&#8220;50&#8243; gutter_size=&#8220;3&#8243; column_width_percent=&#8220;100&#8243; shift_y=&#8220;0&#8243; z_index=&#8220;0&#8243; uncode_shortcode_id=&#8220;103079&#8243;][vc_column column_width_percent=&#8220;100&#8243; align_horizontal=&#8220;align_center&#8220; gutter_size=&#8220;3&#8243; overlay_alpha=&#8220;50&#8243; shift_x=&#8220;0&#8243; shift_y=&#8220;0&#8243; shift_y_down=&#8220;0&#8243; z_index=&#8220;0&#8243; medium_width=&#8220;0&#8243; mobile_width=&#8220;0&#8243; width=&#8220;1\/1&#8243; uncode_shortcode_id=&#8220;195430&#8243;][vc_custom_heading text_size=&#8220;fontsize-180443&#8243; uncode_shortcode_id=&#8220;953197&#8243;]<span class=\"text-accent-color\">Bicillevant.  <\/span>  Spielen, bewegen und l\u00e4cheln.[\/vc_custom_heading][\/vc_column][\/vc_row][vc_row unlock_row_content=&#8220;yes&#8220; row_height_percent=&#8220;0&#8243; override_padding=&#8220;yes&#8220; h_padding=&#8220;2&#8243; top_padding=&#8220;2&#8243; bottom_padding=&#8220;5&#8243; overlay_alpha=&#8220;50&#8243; gutter_size=&#8220;3&#8243; column_width_percent=&#8220;100&#8243; shift_y=&#8220;0&#8243; z_index=&#8220;0&#8243; uncode_shortcode_id=&#8220;103492&#8243;][vc_column column_width_percent=&#8220;100&#8243; gutter_size=&#8220;3&#8243; overlay_alpha=&#8220;50&#8243; shift_x=&#8220;0&#8243; shift_y=&#8220;0&#8243; shift_y_down=&#8220;0&#8243; z_index=&#8220;0&#8243; medium_width=&#8220;0&#8243; mobile_width=&#8220;0&#8243; radius=&#8220;std&#8220; shadow=&#8220;xs&#8220; width=&#8220;1\/1&#8243; uncode_shortcode_id=&#8220;315375&#8243;][vc_row_inner row_inner_height_percent=&#8220;0&#8243; force_width_grid=&#8220;yes&#8220; overlay_alpha=&#8220;50&#8243; gutter_size=&#8220;0&#8243; shift_y=&#8220;0&#8243; z_index=&#8220;0&#8243; inverted_device_order=&#8220;yes&#8220; uncode_shortcode_id=&#8220;135612&#8243;][vc_column_inner column_width_percent=&#8220;100&#8243; position_vertical=&#8220;middle&#8220; gutter_size=&#8220;3&#8243; override_padding=&#8220;yes&#8220; column_padding=&#8220;3&#8243; expand_height=&#8220;yes&#8220; overlay_alpha=&#8220;50&#8243; shift_x=&#8220;0&#8243; shift_y=&#8220;0&#8243; shift_y_down=&#8220;0&#8243; z_index=&#8220;0&#8243; medium_width=&#8220;0&#8243; mobile_width=&#8220;0&#8243; width=&#8220;1\/2&#8243; uncode_shortcode_id=&#8220;130840&#8243;][vc_custom_heading heading_semantic=&#8220;h3&#8243; text_size=&#8220;h1&#8243; uncode_shortcode_id=&#8220;178413&#8243;]Sommer- und <span class=\"text-accent-color\">Ostercamp<\/span> [\/vc_custom_heading][vc_column_text text_lead=&#8220;yes&#8220; uncode_shortcode_id=&#8220;165399&#8243;]Unser Campus bietet ein einzigartiges Erlebnis f\u00fcr Radsportbegeisterte und junge Abenteurer, die die Natur der Insel Mallorca erkunden m\u00f6chten.<\/p>\n<p>W\u00e4hrend des Camps haben die Kinder die M\u00f6glichkeit, ihre Radfahrf\u00e4higkeiten zu verbessern, neue Techniken zu erlernen und aufregende, speziell f\u00fcr sie entworfene Radstrecken zu genie\u00dfen. Wir verf\u00fcgen \u00fcber ein Team hochqualifizierter und leidenschaftlicher Trainer, die die Kinder bei lustigen Aktivit\u00e4ten und Spielen anleiten und dabei Teamwork und Freundschaft f\u00f6rdern.<\/p>\n<p>Neben dem Radfahren gibt es auf dem Campus auch Zeit, die Natur zu erkunden und Outdoor-Aktivit\u00e4ten wie Waldspazierg\u00e4nge, Schwimmen im Meer und Sport am Strand zu genie\u00dfen.<\/p>\n<p>Unser Campus befindet sich in der bezaubernden Stadt Portocolom, umgeben von wundersch\u00f6nen Str\u00e4nden, kristallklarem Wasser und atemberaubenden Naturlandschaften. Mit seinem ganzj\u00e4hrig warmen und sonnigen Klima ist Mallorca der perfekte Ort, um ein unvergessliches Raderlebnis zu genie\u00dfen.<\/p>\n<p>Kommen Sie zu uns auf den Bike Campus in Portocolom und erleben Sie ein aufregendes und einzigartiges Abenteuer, das Sie nicht bereuen werden![\/vc_column_text][vc_empty_space empty_h=&#8220;2&#8243;][vc_button button_color=&#8220;accent&#8220; size=&#8220;btn-lg&#8220; border_width=&#8220;0&#8243; css_animation=&#8220;bottom-t-top&#8220; animation_delay=&#8220;300&#8243; link=&#8220;url:https%3A%2F%2Fbicillevant.com%2Fde%2Fcontacto%2F|title:Kontakt|&#8220; button_color_type=&#8220;uncode-palette&#8220; uncode_shortcode_id=&#8220;172089&#8243;]Mehr lesen[\/vc_button][\/vc_column_inner][vc_column_inner column_width_percent=&#8220;100&#8243; gutter_size=&#8220;6&#8243; override_padding=&#8220;yes&#8220; column_padding=&#8220;0&#8243; expand_height=&#8220;yes&#8220; back_image=&#8220;118504&#8243; back_position=&#8220;center center&#8220; overlay_alpha=&#8220;50&#8243; shift_x=&#8220;0&#8243; shift_y=&#8220;0&#8243; shift_y_down=&#8220;0&#8243; z_index=&#8220;0&#8243; medium_width=&#8220;0&#8243; mobile_width=&#8220;0&#8243; width=&#8220;1\/2&#8243; uncode_shortcode_id=&#8220;103916&#8243; mobile_height=&#8220;400&#8243;][vc_empty_space empty_h=&#8220;5&#8243;][\/vc_column_inner][\/vc_row_inner][\/vc_column][\/vc_row]<\/p>\n<\/div>","protected":false},"excerpt":{"rendered":"<p>[vc_row row_height_percent=&#8220;0&#8243; override_padding=&#8220;yes&#8220; h_padding=&#8220;2&#8243; top_padding=&#8220;5&#8243; bottom_padding=&#8220;0&#8243; overlay_alpha=&#8220;50&#8243; gutter_size=&#8220;3&#8243; column_width_percent=&#8220;100&#8243; shift_y=&#8220;0&#8243; z_index=&#8220;0&#8243; bottom_divider=&#8220;step_3_4&#8243; uncode_shortcode_id=&#8220;836285&#8243;][vc_column column_width_percent=&#8220;100&#8243; position_vertical=&#8220;middle&#8220; gutter_size=&#8220;3&#8243; overlay_alpha=&#8220;50&#8243; shift_x=&#8220;0&#8243; shift_y=&#8220;0&#8243; shift_y_down=&#8220;0&#8243; [&hellip;]<\/p>\n","protected":false},"author":2,"featured_media":117817,"parent":0,"menu_order":0,"comment_status":"closed","ping_status":"closed","template":"","meta":{"footnotes":""},"class_list":["post-118799","page","type-page","status-publish","has-post-thumbnail","hentry"],"_links":{"self":[{"href":"https:\/\/bicillevant.com\/de\/wp-json\/wp\/v2\/pages\/118799","targetHints":{"allow":["GET"]}}],"collection":[{"href":"https:\/\/bicillevant.com\/de\/wp-json\/wp\/v2\/pages"}],"about":[{"href":"https:\/\/bicillevant.com\/de\/wp-json\/wp\/v2\/types\/page"}],"author":[{"embeddable":true,"href":"https:\/\/bicillevant.com\/de\/wp-json\/wp\/v2\/users\/2"}],"replies":[{"embeddable":true,"href":"https:\/\/bicillevant.com\/de\/wp-json\/wp\/v2\/comments?post=118799"}],"version-history":[{"count":7,"href":"https:\/\/bicillevant.com\/de\/wp-json\/wp\/v2\/pages\/118799\/revisions"}],"predecessor-version":[{"id":118947,"href":"https:\/\/bicillevant.com\/de\/wp-json\/wp\/v2\/pages\/118799\/revisions\/118947"}],"wp:featuredmedia":[{"embeddable":true,"href":"https:\/\/bicillevant.com\/de\/wp-json\/wp\/v2\/media\/117817"}],"wp:attachment":[{"href":"https:\/\/bicillevant.com\/de\/wp-json\/wp\/v2\/media?parent=118799"}],"curies":[{"name":"wp","href":"https:\/\/api.w.org\/{rel}","templated":true}]}}