	{"id":118792,"date":"2023-02-27T10:31:37","date_gmt":"2023-02-27T10:31:37","guid":{"rendered":"https:\/\/bicillevant.com\/fahrradverleih\/portocolom-laden\/"},"modified":"2024-02-20T20:38:15","modified_gmt":"2024-02-20T20:38:15","slug":"portocolom-laden","status":"publish","type":"page","link":"https:\/\/bicillevant.com\/de\/fahrradverleih\/portocolom-laden\/","title":{"rendered":"Portocolom Laden"},"content":{"rendered":"<div class=\"wpb-content-wrapper\"><p>[vc_row row_height_percent=&#8220;0&#8243; override_padding=&#8220;yes&#8220; h_padding=&#8220;2&#8243; top_padding=&#8220;5&#8243; bottom_padding=&#8220;0&#8243; overlay_alpha=&#8220;50&#8243; gutter_size=&#8220;3&#8243; column_width_percent=&#8220;100&#8243; shift_y=&#8220;0&#8243; z_index=&#8220;0&#8243; bottom_divider=&#8220;step_3_4&#8243; uncode_shortcode_id=&#8220;836285&#8243;][vc_column column_width_percent=&#8220;100&#8243; position_vertical=&#8220;middle&#8220; gutter_size=&#8220;3&#8243; overlay_alpha=&#8220;50&#8243; shift_x=&#8220;0&#8243; shift_y=&#8220;0&#8243; shift_y_down=&#8220;0&#8243; z_index=&#8220;0&#8243; medium_width=&#8220;0&#8243; mobile_width=&#8220;0&#8243; width=&#8220;1\/1&#8243; uncode_shortcode_id=&#8220;729091&#8243;][vc_column_text text_lead=&#8220;yes&#8220; uncode_shortcode_id=&#8220;193988&#8243;]<strong>Portocolom<\/strong> ist ein ideales Reiseziel f\u00fcr <strong>Fahrradliebhaber<\/strong>. Der sch\u00f6ne Hafen, die malerischen Stra\u00dfen und die nahe gelegenen Str\u00e4nde sind ideal f\u00fcr Erkundungen auf zwei R\u00e4dern. Mit einem Leihfahrrad k\u00f6nnen Sie die Stadt und ihre Umgebung leicht erkunden und dabei das mediterrane Klima und die beeindruckende historische Architektur genie\u00dfen. Ein einzigartiges und aufregendes Erlebnis f\u00fcr Fahrradliebhaber![\/vc_column_text][\/vc_column][\/vc_row][vc_row row_height_percent=&#8220;0&#8243; override_padding=&#8220;yes&#8220; h_padding=&#8220;2&#8243; top_padding=&#8220;5&#8243; bottom_padding=&#8220;3&#8243; overlay_alpha=&#8220;50&#8243; gutter_size=&#8220;3&#8243; column_width_percent=&#8220;100&#8243; shift_y=&#8220;0&#8243; z_index=&#8220;0&#8243; uncode_shortcode_id=&#8220;338653&#8243;][vc_column column_width_percent=&#8220;100&#8243; align_horizontal=&#8220;align_center&#8220; gutter_size=&#8220;3&#8243; overlay_alpha=&#8220;50&#8243; shift_x=&#8220;0&#8243; shift_y=&#8220;0&#8243; shift_y_down=&#8220;0&#8243; z_index=&#8220;0&#8243; medium_width=&#8220;0&#8243; mobile_width=&#8220;0&#8243; width=&#8220;1\/1&#8243; uncode_shortcode_id=&#8220;195430&#8243;][vc_custom_heading text_size=&#8220;fontsize-180443&#8243; uncode_shortcode_id=&#8220;156016&#8243;]Fahrr\u00e4der verf\u00fcgbar in <span class=\"text-accent-color\">Portocolom<\/span>[\/vc_custom_heading][\/vc_column][\/vc_row][vc_row unlock_row_content=&#8220;yes&#8220; row_height_percent=&#8220;0&#8243; override_padding=&#8220;yes&#8220; h_padding=&#8220;3&#8243; top_padding=&#8220;1&#8243; bottom_padding=&#8220;5&#8243; overlay_alpha=&#8220;50&#8243; gutter_size=&#8220;2&#8243; column_width_percent=&#8220;100&#8243; shift_y=&#8220;0&#8243; z_index=&#8220;0&#8243; uncode_shortcode_id=&#8220;102040&#8243;][vc_column column_width_percent=&#8220;100&#8243; gutter_size=&#8220;4&#8243; overlay_alpha=&#8220;50&#8243; shift_x=&#8220;0&#8243; shift_y=&#8220;0&#8243; shift_y_down=&#8220;0&#8243; z_index=&#8220;0&#8243; medium_width=&#8220;0&#8243; mobile_width=&#8220;0&#8243; width=&#8220;1\/1&#8243;][uncode_index el_id=&#8220;index-581094100&#8243; isotope_mode=&#8220;fitRows&#8220; loop=&#8220;size:All|order_by:date|order:ASC|post_type:portfolio|tax_query:4|taxonomy_count:All&#8220; screen_lg=&#8220;1200&#8243; screen_md=&#8220;600&#8243; screen_sm=&#8220;480&#8243; gutter_size=&#8220;3&#8243; post_items=&#8220;media|featured|onpost|poster,date,title,text|excerpt|90,category|bordered|topright|hide-icon&#8220; portfolio_items=&#8220;media|featured|onpost|original,title,icon|sm&#8220; single_overlay_opacity=&#8220;50&#8243; single_overlay_anim=&#8220;no&#8220; single_image_anim=&#8220;no&#8220; single_h_align=&#8220;center&#8220; single_padding=&#8220;1&#8243; single_title_dimension=&#8220;h3&#8243; single_title_transform=&#8220;uppercase&#8220; single_title_height=&#8220;fontheight-142561&#8243; single_title_space=&#8220;fontspace-116066&#8243; single_border=&#8220;yes&#8220; custom_order=&#8220;yes&#8220; uncode_shortcode_id=&#8220;183567&#8243; order_ids=&#8220;111,118485,113,121,118450,122,123,128,133,136&#8243;][\/vc_column][\/vc_row]<\/p>\n<\/div>","protected":false},"excerpt":{"rendered":"<p>[vc_row row_height_percent=&#8220;0&#8243; override_padding=&#8220;yes&#8220; h_padding=&#8220;2&#8243; top_padding=&#8220;5&#8243; bottom_padding=&#8220;0&#8243; overlay_alpha=&#8220;50&#8243; gutter_size=&#8220;3&#8243; column_width_percent=&#8220;100&#8243; shift_y=&#8220;0&#8243; z_index=&#8220;0&#8243; bottom_divider=&#8220;step_3_4&#8243; uncode_shortcode_id=&#8220;836285&#8243;][vc_column column_width_percent=&#8220;100&#8243; position_vertical=&#8220;middle&#8220; gutter_size=&#8220;3&#8243; overlay_alpha=&#8220;50&#8243; shift_x=&#8220;0&#8243; shift_y=&#8220;0&#8243; shift_y_down=&#8220;0&#8243; [&hellip;]<\/p>\n","protected":false},"author":2,"featured_media":118408,"parent":118785,"menu_order":0,"comment_status":"closed","ping_status":"closed","template":"","meta":{"footnotes":""},"class_list":["post-118792","page","type-page","status-publish","has-post-thumbnail","hentry"],"_links":{"self":[{"href":"https:\/\/bicillevant.com\/de\/wp-json\/wp\/v2\/pages\/118792","targetHints":{"allow":["GET"]}}],"collection":[{"href":"https:\/\/bicillevant.com\/de\/wp-json\/wp\/v2\/pages"}],"about":[{"href":"https:\/\/bicillevant.com\/de\/wp-json\/wp\/v2\/types\/page"}],"author":[{"embeddable":true,"href":"https:\/\/bicillevant.com\/de\/wp-json\/wp\/v2\/users\/2"}],"replies":[{"embeddable":true,"href":"https:\/\/bicillevant.com\/de\/wp-json\/wp\/v2\/comments?post=118792"}],"version-history":[{"count":4,"href":"https:\/\/bicillevant.com\/de\/wp-json\/wp\/v2\/pages\/118792\/revisions"}],"predecessor-version":[{"id":119044,"href":"https:\/\/bicillevant.com\/de\/wp-json\/wp\/v2\/pages\/118792\/revisions\/119044"}],"up":[{"embeddable":true,"href":"https:\/\/bicillevant.com\/de\/wp-json\/wp\/v2\/pages\/118785"}],"wp:featuredmedia":[{"embeddable":true,"href":"https:\/\/bicillevant.com\/de\/wp-json\/wp\/v2\/media\/118408"}],"wp:attachment":[{"href":"https:\/\/bicillevant.com\/de\/wp-json\/wp\/v2\/media?parent=118792"}],"curies":[{"name":"wp","href":"https:\/\/api.w.org\/{rel}","templated":true}]}}