	{"id":118883,"date":"2023-04-21T16:56:33","date_gmt":"2023-04-21T16:56:33","guid":{"rendered":"https:\/\/bicillevant.com\/avis-legal\/"},"modified":"2023-04-21T16:56:33","modified_gmt":"2023-04-21T16:56:33","slug":"avis-legal","status":"publish","type":"page","link":"https:\/\/bicillevant.com\/ca\/avis-legal\/","title":{"rendered":"Av\u00eds Legal"},"content":{"rendered":"<p><strong>AV\u00cdS LEGAL<\/strong><\/p>\n<p><strong>1. Identificaci\u00f3 i contacte del propietari de la web.<\/strong><\/p>\n<p>Bicillevant.com (d&#8217;ara endavant la web) \u00e9s propietat de Portocolom Sport, SL (d&#8217;ara endavant el Titular) amb domicili a Carrer Cala Mar\u00e7al, 22, Portocolom, Espanya, amb CIF\/NIF <span class=\"s1\">B16607236<\/span> , tel\u00e8fon 606548677 i correu electr\u00f2nic info@bicillevant. com.<\/p>\n<p><strong>2. \u00c0mbit d&#8217;aplicaci\u00f3<\/strong><\/p>\n<p>La navegaci\u00f3 pel lloc web del Titular implica assumir la condici\u00f3 d&#8217;usuari i l&#8217;acceptaci\u00f3 absoluta del que s&#8217;ha manifestat en aquest Av\u00eds Legal.<\/p>\n<p><strong>3. Edat.<\/strong><\/p>\n<p>El registre a la nostra web est\u00e0 dirigit a majors de divuit (18) anys. Si es detecta el registre d&#8217;un menor de 18 anys, aquest compte ser\u00e0 autom\u00e0ticament eliminat.<\/p>\n<p><strong>4. Propietat intel\u00b7lectual o industrial.<\/strong><\/p>\n<p>Els continguts del web, per exemple textos, imatges, gr\u00e0fics o codi font, estan protegits per drets de propietat intel\u00b7lectual i industrial.<\/p>\n<p>Aquests continguts no poden ser, per exemple, reprodu\u00efts o transformats sense el perm\u00eds previ i expl\u00edcit del Titular. Els usuaris poden accedir als continguts i fer c\u00f2pies privades autoritzades sempre que els elements reprodu\u00efts no siguin cedits posteriorment a tercers, ni s&#8217;instal\u00b7lin a servidors en xarxa, ni siguin objecte de cap tipus d&#8217;explotaci\u00f3.<\/p>\n<p><strong>5. Normes comunes d\u00fas de la web.<\/strong><\/p>\n<p>L&#8217;usuari es compromet a fer un \u00fas de la Web d&#8217;acord amb les normes seg\u00fcents:<\/p>\n<ul>\n<li>No recopilar\u00e0 cap contingut o informaci\u00f3 d&#8217;altres usuaris.<\/li>\n<li>No carregar\u00e0 virus ni codi malintencionat de cap mena.<\/li>\n<li>No sol\u00b7licitareu informaci\u00f3 d&#8217;inici de sessi\u00f3 ni accedireu a un compte pertanyent a un altre usuari.<\/li>\n<li>No molestar\u00e0, intimidar\u00e0 ni assetjar\u00e0 cap usuari.<\/li>\n<li>No realitzar\u00e0 actes il\u00b7l\u00edcits, enganyosos, malintencionats o discriminatoris al lloc web, d&#8217;acord amb aquestes condicions i l&#8217;ordenament<br \/>\njur\u00eddic espanyol.<\/li>\n<li>No far\u00e0 res que pugui posar en perill la seguretat del compte, especialment pel que fa a la contrasenya. De fet, comunicar\u00e0 qualsevol incid\u00e8ncia relacionada amb la contrasenya, compte, vulneraci\u00f3 de la confidencialitat de les teves dades, perill o amena\u00e7a detectada en la seguretat de les dades.<\/li>\n<\/ul>\n<p>El Titular pot eliminar qualsevol contingut o suspendre el servei si segons el seu propi criteri, incompleix qualsevol de les normes i obligacions descrites en aquest Av\u00eds Legal.<\/p>\n<p>Per a qualsevol consulta o aclariment sobre aquestes normes comunit\u00e0ries en particular o aquestes condicions en particular, podeu contactar-nos via email.<\/p>\n<p><strong>6. Enlla\u00e7os i limitaci\u00f3 de responsabilitat.<\/strong><\/p>\n<p>L&#8217;establiment d&#8217;un hiperenlla\u00e7 no implica en cap cas l&#8217;exist\u00e8ncia de relacions entre el titular i el propietari del lloc web on s&#8217;estableixi, ni l&#8217;acceptaci\u00f3 i l&#8217;aprovaci\u00f3 per part del titular dels seus continguts o serveis. Aquelles persones que es proposin establir un hiperenlla\u00e7 pr\u00e8viament han de sol\u00b7licitar autoritzaci\u00f3 per escrit al Titular. En tot cas, l&#8217;hiperenlla\u00e7 \u00fanicament permetr\u00e0 l&#8217;acc\u00e9s a la p\u00e0gina d&#8217;inici del nostre lloc web, aix\u00ed mateix s&#8217;haur\u00e0 d&#8217;abstenir de fer manifestacions o indicacions falses, inexactes o incorrectes sobre el Titular, o incloure continguts il\u00b7l\u00edcits, contraris als bons costums ia l&#8217;ordre p\u00fablic.<\/p>\n<p>El Titular no es responsabilitza de l&#8217;\u00fas que cada usuari doni als materials posats a disposici\u00f3 en aquest lloc web ni de les actuacions que realitzi sobre la base d&#8217;aquests. El contingut del Web \u00e9s de car\u00e0cter general i merament informatiu.<\/p>\n<p>El Titular no assumir\u00e0 responsabilitat pel contingut o funcionament de webs de tercers a qu\u00e8 l&#8217;usuari de la Botiga pugui accedir mitjan\u00e7ant qualsevol tipus d&#8217;enlla\u00e7.<\/p>\n<p>El Titular declina qualsevol responsabilitat, fins on permeti l&#8217;ordenament jur\u00eddic, pels danys i els perjudicis derivats de la pres\u00e8ncia de virus, de les actuacions de tercers que vulnerin drets de propietat, a l&#8217;honor, a la intimitat o sobre publicitat il\u00b7l\u00edcita.<\/p>\n<p>Si algun usuari o tercer considera que a la Web s&#8217;est\u00e0 cometent algun il\u00b7l\u00edcit de qualsevol tipus ha de remetre una comunicaci\u00f3 al Titular a l&#8217;adre\u00e7a de correu electr\u00f2nic que apareix a les nostres dades identificatives. S&#8217;haur\u00e0 d&#8217;identificar degudament especificant els fets que denuncia.<\/p>\n<p><strong>7. Privadesa.<\/strong><\/p>\n<p>Tractament de dades personals:<br \/>\nResponsable: Identitat: Portocolom Sport, SL \u2013 NIF: <span class=\"s1\">B16607236<\/span><br \/>\nDir. postal: Cala Mar\u00e7al, 22 Portocolom, Mallorca<br \/>\nTel\u00e8fon: 606548677<br \/>\nCorreu elect: info@bicillevant.com<br \/>\nTractem la informaci\u00f3 que ens facilita per tal de prestar-los el servei sol\u00b7licitat i\/o realitzar-ne la facturaci\u00f3. Les dades proporcionades es conservaran mentre es mantingui la relaci\u00f3 comercial o durant els anys necessaris per complir les obligacions legals. Les dades no se cediran a tercers excepte en els casos en qu\u00e8 hi hagi una obligaci\u00f3 legal. L&#8217;usuari t\u00e9 dret a obtenir confirmaci\u00f3 sobre si a Portocolom Sport, SL, estem tractant les seves dades personals per tant t\u00e9 dret a accedir a les seves dades personals, rectificar les dades inexactes o sol\u00b7licitar la seva supressi\u00f3 quan les dades ja no siguin necess\u00e0ries.<\/p>\n<p><strong>8. Legislaci\u00f3 aplicable, soluci\u00f3 de q\u00fcestions controvertides i f\u00f2rum competent<\/strong><\/p>\n<p>L&#8217;\u00fas del web es regir\u00e0 per la legislaci\u00f3 espanyola. Qualsevol controv\u00e8rsia que sorgeixi o guardi relaci\u00f3 amb l&#8217;\u00fas del web, ser\u00e0 sotm\u00e8s a la jurisdicci\u00f3 no exclusiva dels jutjats i tribunals del municipi on radica el domicili social del titular, llevat que la normativa vigent o el codi de conducta estableixi f\u00f2rum diferent .<\/p>\n","protected":false},"excerpt":{"rendered":"<p>AV\u00cdS LEGAL 1. Identificaci\u00f3 i contacte del propietari de la web. Bicillevant.com (d&#8217;ara endavant la web) \u00e9s propietat de Portocolom [&hellip;]<\/p>\n","protected":false},"author":2,"featured_media":0,"parent":0,"menu_order":0,"comment_status":"closed","ping_status":"closed","template":"","meta":{"footnotes":""},"class_list":["post-118883","page","type-page","status-publish","hentry"],"_links":{"self":[{"href":"https:\/\/bicillevant.com\/ca\/wp-json\/wp\/v2\/pages\/118883","targetHints":{"allow":["GET"]}}],"collection":[{"href":"https:\/\/bicillevant.com\/ca\/wp-json\/wp\/v2\/pages"}],"about":[{"href":"https:\/\/bicillevant.com\/ca\/wp-json\/wp\/v2\/types\/page"}],"author":[{"embeddable":true,"href":"https:\/\/bicillevant.com\/ca\/wp-json\/wp\/v2\/users\/2"}],"replies":[{"embeddable":true,"href":"https:\/\/bicillevant.com\/ca\/wp-json\/wp\/v2\/comments?post=118883"}],"version-history":[{"count":0,"href":"https:\/\/bicillevant.com\/ca\/wp-json\/wp\/v2\/pages\/118883\/revisions"}],"wp:attachment":[{"href":"https:\/\/bicillevant.com\/ca\/wp-json\/wp\/v2\/media?parent=118883"}],"curies":[{"name":"wp","href":"https:\/\/api.w.org\/{rel}","templated":true}]}}