	{"id":118577,"date":"2023-02-20T17:19:25","date_gmt":"2023-02-20T17:19:25","guid":{"rendered":"https:\/\/bicillevant.com\/pagina-dinici\/"},"modified":"2024-02-18T17:09:14","modified_gmt":"2024-02-18T17:09:14","slug":"pagina-dinici","status":"publish","type":"page","link":"https:\/\/bicillevant.com\/ca\/","title":{"rendered":"P\u00e0gina d&#8217;inici"},"content":{"rendered":"<div class=\"wpb-content-wrapper\"><p>[vc_row row_height_percent=&#8221;100&#8243; overlay_alpha=&#8221;52&#8243; gutter_size=&#8221;3&#8243; column_width_percent=&#8221;100&#8243; shift_y=&#8221;0&#8243; z_index=&#8221;0&#8243; uncode_shortcode_id=&#8221;482765&#8243; front_end_with_slider=&#8221;true&#8221;][vc_column width=&#8221;1\/1&#8243;][uncode_slider slider_type=&#8221;fade&#8221; slider_interval=&#8221;5000&#8243; slider_navspeed=&#8221;400&#8243;][vc_row_inner row_inner_height_percent=&#8221;0&#8243; back_color=&#8221;color-wayh&#8221; back_image=&#8221;42&#8243; parallax=&#8221;yes&#8221; overlay_color=&#8221;color-jevc&#8221; overlay_alpha=&#8221;30&#8243; gutter_size=&#8221;3&#8243; shift_y=&#8221;0&#8243; z_index=&#8221;0&#8243; uncode_shortcode_id=&#8221;679170&#8243; back_color_type=&#8221;uncode-palette&#8221; overlay_color_type=&#8221;uncode-palette&#8221; limit_content=&#8221;yes&#8221; front_end_with_slider=&#8221;true&#8221;][vc_column_inner column_width_percent=&#8221;100&#8243; position_vertical=&#8221;middle&#8221; align_horizontal=&#8221;align_center&#8221; gutter_size=&#8221;3&#8243; style=&#8221;dark&#8221; overlay_alpha=&#8221;50&#8243; shift_x=&#8221;0&#8243; shift_y=&#8221;0&#8243; shift_y_down=&#8221;0&#8243; z_index=&#8221;0&#8243; medium_width=&#8221;0&#8243; mobile_width=&#8221;0&#8243; zoom_width=&#8221;0&#8243; zoom_height=&#8221;0&#8243; width=&#8221;1\/1&#8243;][vc_custom_heading text_size=&#8221;fontsize-498878&#8243; text_weight=&#8221;700&#8243; text_height=&#8221;fontheight-365478&#8243; text_space=&#8221;fontspace-116066&#8243; css_animation=&#8221;bottom-t-top&#8221; animation_delay=&#8221;100&#8243; uncode_shortcode_id=&#8221;126646&#8243;]LLOGUER DE BICICLETES[\/vc_custom_heading][vc_column_text text_lead=&#8221;yes&#8221; css_animation=&#8221;bottom-t-top&#8221; animation_delay=&#8221;200&#8243; uncode_shortcode_id=&#8221;756538&#8243;]Descobreix paisatges, racons, pobles i cales del sud-est de Mallorca amb bicicleta. Una experi\u00e8ncia m\u00e0gica que us enganxar\u00e0.[\/vc_column_text][vc_button button_color=&#8221;accent&#8221; size=&#8221;btn-lg&#8221; border_width=&#8221;0&#8243; css_animation=&#8221;bottom-t-top&#8221; animation_delay=&#8221;300&#8243; link=&#8221;url:https%3A%2F%2Fbicillevant.com%2Fca%2Flloguer-de-bicicletes%2Fbotiga-portocolom%2F|title:Lloguer%20de%20Bicicletes&#8221; button_color_type=&#8221;uncode-palette&#8221; uncode_shortcode_id=&#8221;909805&#8243;]Llogar Ara![\/vc_button][\/vc_column_inner][\/vc_row_inner][\/uncode_slider][\/vc_column][\/vc_row][vc_row unlock_row_content=&#8221;yes&#8221; row_height_percent=&#8221;0&#8243; override_padding=&#8221;yes&#8221; h_padding=&#8221;2&#8243; top_padding=&#8221;5&#8243; bottom_padding=&#8221;5&#8243; overlay_alpha=&#8221;50&#8243; gutter_size=&#8221;3&#8243; column_width_percent=&#8221;100&#8243; shift_y=&#8221;0&#8243; z_index=&#8221;0&#8243; bottom_divider=&#8221;step_3_4&#8243; uncode_shortcode_id=&#8221;679717&#8243;][vc_column column_width_percent=&#8221;100&#8243; gutter_size=&#8221;3&#8243; overlay_alpha=&#8221;50&#8243; shift_x=&#8221;0&#8243; shift_y=&#8221;0&#8243; shift_y_down=&#8221;0&#8243; z_index=&#8221;0&#8243; medium_width=&#8221;0&#8243; mobile_width=&#8221;0&#8243; width=&#8221;1\/1&#8243;][vc_row_inner limit_content=&#8221;&#8221;][vc_column_inner width=&#8221;1\/2&#8243;][vc_custom_heading text_size=&#8221;fontsize-180443&#8243; uncode_shortcode_id=&#8221;462231&#8243;]<span class=\"text-accent-color\">BICILLEVANT<\/span><\/p>\n<p>una manera diferent de descobrir l&#8217;illa[\/vc_custom_heading][\/vc_column_inner][vc_column_inner width=&#8221;1\/2&#8243;][vc_column_text text_lead=&#8221;yes&#8221; uncode_shortcode_id=&#8221;192330&#8243;]Des de Bicillevant volem compartir amb vosaltres la sensaci\u00f3 de gaudir de l\u00b4esfor\u00e7, de pedalar en un entorn natural, on la fisonomia d\u00b4un paisatge envoltat de parets de pedra seca aguanta el pas del temps.<\/p>\n<p>A Bicillevant posem a la vostra disposici\u00f3 bicicletes de lloguer, rutes guiades i activitats esportives per a petits i joves.[\/vc_column_text][\/vc_column_inner][\/vc_row_inner][\/vc_column][\/vc_row][vc_row row_height_percent=&#8221;0&#8243; override_padding=&#8221;yes&#8221; h_padding=&#8221;0&#8243; top_padding=&#8221;5&#8243; bottom_padding=&#8221;5&#8243; back_color=&#8221;accent&#8221; overlay_alpha=&#8221;0&#8243; gutter_size=&#8221;3&#8243; column_width_percent=&#8221;100&#8243; shift_y=&#8221;0&#8243; z_index=&#8221;2&#8243; bottom_divider=&#8221;step_2_3&#8243; uncode_shortcode_id=&#8221;100915&#8243; back_color_type=&#8221;uncode-palette&#8221;][vc_column column_width_use_pixel=&#8221;yes&#8221; position_vertical=&#8221;middle&#8221; align_horizontal=&#8221;align_center&#8221; gutter_size=&#8221;0&#8243; expand_height=&#8221;yes&#8221; overlay_alpha=&#8221;50&#8243; shift_x=&#8221;0&#8243; shift_y=&#8221;0&#8243; shift_y_down=&#8221;0&#8243; shift_y_down_fixed=&#8221;yes&#8221; z_index=&#8221;0&#8243; medium_width=&#8221;0&#8243; align_mobile=&#8221;align_center_mobile&#8221; mobile_width=&#8221;0&#8243; width=&#8221;1\/1&#8243; uncode_shortcode_id=&#8221;203270&#8243;][vc_single_image media=&#8221;118853&#8243; media_width_use_pixel=&#8221;yes&#8221; alignment=&#8221;center&#8221; uncode_shortcode_id=&#8221;206898&#8243; media_width_pixel=&#8221;200&#8243;][vc_empty_space empty_h=&#8221;1&#8243;][vc_custom_heading text_color=&#8221;color-xsdn&#8221; text_size=&#8221;fontsize-180443&#8243; uncode_shortcode_id=&#8221;509394&#8243; text_color_type=&#8221;uncode-palette&#8221;]Ens trobar\u00e0s a Portocolom[\/vc_custom_heading][vc_empty_space empty_h=&#8221;3&#8243;][vc_row_inner row_inner_height_percent=&#8221;0&#8243; force_width_grid=&#8221;yes&#8221; overlay_alpha=&#8221;50&#8243; gutter_size=&#8221;3&#8243; shift_y=&#8221;0&#8243; z_index=&#8221;0&#8243; uncode_shortcode_id=&#8221;775983&#8243;][vc_column_inner column_width_percent=&#8221;100&#8243; position_vertical=&#8221;middle&#8221; align_horizontal=&#8221;align_center&#8221; gutter_size=&#8221;3&#8243; expand_height=&#8221;yes&#8221; back_color=&#8221;color-xsdn&#8221; overlay_alpha=&#8221;50&#8243; shift_x=&#8221;0&#8243; shift_y=&#8221;0&#8243; shift_y_down=&#8221;0&#8243; z_index=&#8221;0&#8243; medium_width=&#8221;0&#8243; mobile_width=&#8221;0&#8243; radius=&#8221;std&#8221; shadow=&#8221;xs&#8221; width=&#8221;1\/2&#8243; uncode_shortcode_id=&#8221;199050&#8243; back_color_type=&#8221;uncode-palette&#8221;][vc_icon icon=&#8221;fa fa-map-marker&#8221; icon_color=&#8221;color-wayh&#8221; size=&#8221;fa-4x&#8221; uncode_shortcode_id=&#8221;970849&#8243; icon_color_type=&#8221;uncode-palette&#8221;][\/vc_icon][vc_custom_heading heading_semantic=&#8221;h3&#8243; text_size=&#8221;h1&#8243; uncode_shortcode_id=&#8221;922040&#8243;]Bicillevant<br \/>\n<span style=\"color: #a0ce4e;\">PORTOCOLOM<\/span>[\/vc_custom_heading][vc_button size=&#8221;btn-lg&#8221; border_width=&#8221;0&#8243; css_animation=&#8221;bottom-t-top&#8221; animation_delay=&#8221;300&#8243; link=&#8221;url:https%3A%2F%2Fbicillevant.com%2Fca%2Falquiler-de-bicicletas%2Ftienda-porto-colom%2F|title:Botiga%20Portocolom|&#8221; uncode_shortcode_id=&#8221;420606&#8243;]Llogar Bicicleta![\/vc_button][\/vc_column_inner][\/vc_row_inner][\/vc_column][\/vc_row][vc_row row_height_percent=&#8221;0&#8243; override_padding=&#8221;yes&#8221; h_padding=&#8221;2&#8243; top_padding=&#8221;5&#8243; bottom_padding=&#8221;5&#8243; overlay_alpha=&#8221;50&#8243; gutter_size=&#8221;3&#8243; column_width_percent=&#8221;100&#8243; shift_y=&#8221;0&#8243; z_index=&#8221;0&#8243; uncode_shortcode_id=&#8221;103079&#8243;][vc_column column_width_percent=&#8221;100&#8243; align_horizontal=&#8221;align_center&#8221; gutter_size=&#8221;3&#8243; overlay_alpha=&#8221;50&#8243; shift_x=&#8221;0&#8243; shift_y=&#8221;0&#8243; shift_y_down=&#8221;0&#8243; z_index=&#8221;0&#8243; medium_width=&#8221;0&#8243; mobile_width=&#8221;0&#8243; width=&#8221;1\/1&#8243; uncode_shortcode_id=&#8221;195430&#8243;][vc_custom_heading text_size=&#8221;fontsize-180443&#8243; uncode_shortcode_id=&#8221;203691&#8243;]<span class=\"text-accent-color\">Bicillevant<\/span> l&#8217;illa sobre dues rodes[\/vc_custom_heading][\/vc_column][\/vc_row][vc_row unlock_row_content=&#8221;yes&#8221; row_height_percent=&#8221;0&#8243; overlay_alpha=&#8221;50&#8243; gutter_size=&#8221;3&#8243; column_width_percent=&#8221;100&#8243; shift_y=&#8221;0&#8243; z_index=&#8221;0&#8243; uncode_shortcode_id=&#8221;200957&#8243;][vc_column column_width_percent=&#8221;100&#8243; gutter_size=&#8221;3&#8243; overlay_alpha=&#8221;50&#8243; shift_x=&#8221;0&#8243; shift_y=&#8221;0&#8243; shift_y_down=&#8221;0&#8243; z_index=&#8221;0&#8243; medium_width=&#8221;0&#8243; mobile_width=&#8221;0&#8243; radius=&#8221;std&#8221; shadow=&#8221;xs&#8221; width=&#8221;1\/1&#8243; uncode_shortcode_id=&#8221;315375&#8243;][vc_row_inner row_inner_height_percent=&#8221;0&#8243; force_width_grid=&#8221;yes&#8221; overlay_alpha=&#8221;50&#8243; gutter_size=&#8221;0&#8243; shift_y=&#8221;0&#8243; z_index=&#8221;0&#8243; uncode_shortcode_id=&#8221;138661&#8243;][vc_column_inner column_width_percent=&#8221;100&#8243; gutter_size=&#8221;6&#8243; override_padding=&#8221;yes&#8221; column_padding=&#8221;0&#8243; expand_height=&#8221;yes&#8221; back_image=&#8221;50&#8243; back_position=&#8221;center center&#8221; overlay_alpha=&#8221;50&#8243; shift_x=&#8221;0&#8243; shift_y=&#8221;0&#8243; shift_y_down=&#8221;0&#8243; z_index=&#8221;0&#8243; medium_width=&#8221;0&#8243; mobile_width=&#8221;0&#8243; width=&#8221;1\/2&#8243; uncode_shortcode_id=&#8221;957721&#8243; mobile_height=&#8221;400&#8243;][vc_empty_space empty_h=&#8221;5&#8243;][\/vc_column_inner][vc_column_inner column_width_percent=&#8221;100&#8243; position_vertical=&#8221;middle&#8221; gutter_size=&#8221;3&#8243; override_padding=&#8221;yes&#8221; column_padding=&#8221;3&#8243; expand_height=&#8221;yes&#8221; overlay_alpha=&#8221;50&#8243; shift_x=&#8221;0&#8243; shift_y=&#8221;0&#8243; shift_y_down=&#8221;0&#8243; z_index=&#8221;0&#8243; medium_width=&#8221;0&#8243; mobile_width=&#8221;0&#8243; width=&#8221;1\/2&#8243; uncode_shortcode_id=&#8221;407932&#8243;][vc_custom_heading heading_semantic=&#8221;h3&#8243; text_size=&#8221;h1&#8243; uncode_shortcode_id=&#8221;287163&#8243;]Lloguer de <span class=\"text-accent-color\">bicicletes<\/span>[\/vc_custom_heading][vc_column_text text_lead=&#8221;yes&#8221; uncode_shortcode_id=&#8221;113263&#8243;]Sent la brisa del mar o l&#8217;aire fresc de la muntanya, explora camins nous i viu l&#8217;aventura![\/vc_column_text][vc_empty_space empty_h=&#8221;2&#8243;][vc_button button_color=&#8221;accent&#8221; size=&#8221;btn-lg&#8221; border_width=&#8221;0&#8243; css_animation=&#8221;bottom-t-top&#8221; animation_delay=&#8221;300&#8243; link=&#8221;url:https%3A%2F%2Fbicillevant.com%2Fca%2Falquiler-de-bicicletas%2F|title:Lloguer%20de%20Bicicletes|&#8221; button_color_type=&#8221;uncode-palette&#8221; uncode_shortcode_id=&#8221;258674&#8243;]Veure m\u00e9s[\/vc_button][\/vc_column_inner][\/vc_row_inner][\/vc_column][\/vc_row][vc_row unlock_row_content=&#8221;yes&#8221; row_height_percent=&#8221;0&#8243; overlay_alpha=&#8221;50&#8243; gutter_size=&#8221;3&#8243; column_width_percent=&#8221;100&#8243; shift_y=&#8221;0&#8243; z_index=&#8221;0&#8243; uncode_shortcode_id=&#8221;200957&#8243;][vc_column column_width_percent=&#8221;100&#8243; gutter_size=&#8221;3&#8243; overlay_alpha=&#8221;50&#8243; shift_x=&#8221;0&#8243; shift_y=&#8221;0&#8243; shift_y_down=&#8221;0&#8243; z_index=&#8221;0&#8243; medium_width=&#8221;0&#8243; mobile_width=&#8221;0&#8243; radius=&#8221;std&#8221; shadow=&#8221;xs&#8221; width=&#8221;1\/1&#8243; uncode_shortcode_id=&#8221;315375&#8243;][vc_row_inner row_inner_height_percent=&#8221;0&#8243; force_width_grid=&#8221;yes&#8221; overlay_alpha=&#8221;50&#8243; gutter_size=&#8221;0&#8243; shift_y=&#8221;0&#8243; z_index=&#8221;0&#8243; inverted_device_order=&#8221;yes&#8221; uncode_shortcode_id=&#8221;135612&#8243;][vc_column_inner column_width_percent=&#8221;100&#8243; position_vertical=&#8221;middle&#8221; gutter_size=&#8221;3&#8243; override_padding=&#8221;yes&#8221; column_padding=&#8221;3&#8243; expand_height=&#8221;yes&#8221; overlay_alpha=&#8221;50&#8243; shift_x=&#8221;0&#8243; shift_y=&#8221;0&#8243; shift_y_down=&#8221;0&#8243; z_index=&#8221;0&#8243; medium_width=&#8221;0&#8243; mobile_width=&#8221;0&#8243; width=&#8221;1\/2&#8243; uncode_shortcode_id=&#8221;130840&#8243;][vc_custom_heading heading_semantic=&#8221;h3&#8243; text_size=&#8221;h1&#8243; uncode_shortcode_id=&#8221;883868&#8243;]Rutes <span class=\"text-accent-color\">Guiades<\/span>[\/vc_custom_heading][vc_column_text text_lead=&#8221;yes&#8221; uncode_shortcode_id=&#8221;107070&#8243;]Atreveix-te a explorar noves destinacions i viu una aventura amb bicicleta! Les nostres rutes amb bicicleta us portaran a trav\u00e9s de bells paisatges i us oferiran una experi\u00e8ncia emocionant i \u00fanica.[\/vc_column_text][vc_empty_space empty_h=&#8221;2&#8243;][vc_button button_color=&#8221;accent&#8221; size=&#8221;btn-lg&#8221; border_width=&#8221;0&#8243; css_animation=&#8221;bottom-t-top&#8221; animation_delay=&#8221;300&#8243; link=&#8221;url:https%3A%2F%2Fbicillevant.com%2Fca%2Frutas-guiadas%2F|title:Rutes%20Guiades|&#8221; button_color_type=&#8221;uncode-palette&#8221; uncode_shortcode_id=&#8221;682356&#8243;]Veure m\u00e9s[\/vc_button][\/vc_column_inner][vc_column_inner column_width_percent=&#8221;100&#8243; gutter_size=&#8221;6&#8243; override_padding=&#8221;yes&#8221; column_padding=&#8221;0&#8243; expand_height=&#8221;yes&#8221; back_image=&#8221;51&#8243; back_position=&#8221;center center&#8221; overlay_alpha=&#8221;50&#8243; shift_x=&#8221;0&#8243; shift_y=&#8221;0&#8243; shift_y_down=&#8221;0&#8243; z_index=&#8221;0&#8243; medium_width=&#8221;0&#8243; mobile_width=&#8221;0&#8243; width=&#8221;1\/2&#8243; uncode_shortcode_id=&#8221;185343&#8243; mobile_height=&#8221;400&#8243;][vc_empty_space empty_h=&#8221;5&#8243;][\/vc_column_inner][\/vc_row_inner][\/vc_column][\/vc_row][vc_row unlock_row_content=&#8221;yes&#8221; row_height_percent=&#8221;0&#8243; overlay_alpha=&#8221;50&#8243; gutter_size=&#8221;3&#8243; column_width_percent=&#8221;100&#8243; shift_y=&#8221;0&#8243; z_index=&#8221;0&#8243; uncode_shortcode_id=&#8221;200957&#8243;][vc_column column_width_percent=&#8221;100&#8243; gutter_size=&#8221;3&#8243; overlay_alpha=&#8221;50&#8243; shift_x=&#8221;0&#8243; shift_y=&#8221;0&#8243; shift_y_down=&#8221;0&#8243; z_index=&#8221;0&#8243; medium_width=&#8221;0&#8243; mobile_width=&#8221;0&#8243; radius=&#8221;std&#8221; shadow=&#8221;xs&#8221; width=&#8221;1\/1&#8243; uncode_shortcode_id=&#8221;315375&#8243;][vc_row_inner row_inner_height_percent=&#8221;0&#8243; force_width_grid=&#8221;yes&#8221; overlay_alpha=&#8221;50&#8243; gutter_size=&#8221;0&#8243; shift_y=&#8221;0&#8243; z_index=&#8221;0&#8243; uncode_shortcode_id=&#8221;138661&#8243;][vc_column_inner column_width_percent=&#8221;100&#8243; gutter_size=&#8221;6&#8243; override_padding=&#8221;yes&#8221; column_padding=&#8221;0&#8243; expand_height=&#8221;yes&#8221; back_image=&#8221;52&#8243; back_position=&#8221;center center&#8221; overlay_alpha=&#8221;50&#8243; shift_x=&#8221;0&#8243; shift_y=&#8221;0&#8243; shift_y_down=&#8221;0&#8243; z_index=&#8221;0&#8243; medium_width=&#8221;0&#8243; mobile_width=&#8221;0&#8243; width=&#8221;1\/2&#8243; uncode_shortcode_id=&#8221;463723&#8243; mobile_height=&#8221;400&#8243;][vc_empty_space empty_h=&#8221;5&#8243;][\/vc_column_inner][vc_column_inner column_width_percent=&#8221;100&#8243; position_vertical=&#8221;middle&#8221; gutter_size=&#8221;3&#8243; override_padding=&#8221;yes&#8221; column_padding=&#8221;3&#8243; expand_height=&#8221;yes&#8221; overlay_alpha=&#8221;50&#8243; shift_x=&#8221;0&#8243; shift_y=&#8221;0&#8243; shift_y_down=&#8221;0&#8243; z_index=&#8221;0&#8243; medium_width=&#8221;0&#8243; mobile_width=&#8221;0&#8243; width=&#8221;1\/2&#8243; uncode_shortcode_id=&#8221;407932&#8243;][vc_custom_heading heading_semantic=&#8221;h3&#8243; text_size=&#8221;h1&#8243; uncode_shortcode_id=&#8221;125732&#8243;]Campus <span class=\"text-accent-color\">Bicillevant<\/span>[\/vc_custom_heading][vc_column_text text_lead=&#8221;yes&#8221; uncode_shortcode_id=&#8221;969236&#8243;]Desperta la passi\u00f3 pel ciclisme en els teus fills amb el nostre projecte educatiu <strong>Campus Bicillevant<\/strong> ! Aprendran habilitats, gaudiran de l\u00b4aire lliure i faran nous amics en un entorn divertit i segur.[\/vc_column_text][vc_empty_space empty_h=&#8221;2&#8243;][vc_button button_color=&#8221;accent&#8221; size=&#8221;btn-lg&#8221; border_width=&#8221;0&#8243; css_animation=&#8221;bottom-t-top&#8221; animation_delay=&#8221;300&#8243; link=&#8221;url:https%3A%2F%2Fbicillevant.com%2Fca%2Fcampus-bicillevant%2F|title:Projecte%20Educatiu|&#8221; button_color_type=&#8221;uncode-palette&#8221; uncode_shortcode_id=&#8221;207279&#8243;]Veure m\u00e9s[\/vc_button][\/vc_column_inner][\/vc_row_inner][\/vc_column][\/vc_row][vc_row unlock_row_content=&#8221;yes&#8221; row_height_percent=&#8221;0&#8243; override_padding=&#8221;yes&#8221; h_padding=&#8221;2&#8243; top_padding=&#8221;5&#8243; bottom_padding=&#8221;2&#8243; overlay_alpha=&#8221;50&#8243; gutter_size=&#8221;3&#8243; column_width_percent=&#8221;100&#8243; shift_y=&#8221;0&#8243; z_index=&#8221;0&#8243; uncode_shortcode_id=&#8221;147885&#8243;][vc_column column_width_percent=&#8221;100&#8243; gutter_size=&#8221;3&#8243; overlay_alpha=&#8221;50&#8243; shift_x=&#8221;0&#8243; shift_y=&#8221;0&#8243; shift_y_down=&#8221;0&#8243; z_index=&#8221;0&#8243; medium_width=&#8221;0&#8243; mobile_width=&#8221;0&#8243; width=&#8221;1\/1&#8243; uncode_shortcode_id=&#8221;783176&#8243;][vc_custom_heading text_size=&#8221;fontsize-180443&#8243; uncode_shortcode_id=&#8221;185249&#8243;]Partners de <span class=\"text-accent-color\">Bicillevant<\/span>[\/vc_custom_heading][\/vc_column][\/vc_row][vc_row unlock_row_content=&#8221;yes&#8221; row_height_percent=&#8221;0&#8243; override_padding=&#8221;yes&#8221; h_padding=&#8221;0&#8243; top_padding=&#8221;0&#8243; bottom_padding=&#8221;0&#8243; overlay_alpha=&#8221;100&#8243; gutter_size=&#8221;0&#8243; style=&#8221;inherited&#8221;][\/vc_row][vc_row unlock_row_content=&#8221;yes&#8221; row_height_percent=&#8221;0&#8243; override_padding=&#8221;yes&#8221; h_padding=&#8221;2&#8243; top_padding=&#8221;3&#8243; bottom_padding=&#8221;5&#8243; overlay_alpha=&#8221;100&#8243; gutter_size=&#8221;3&#8243; column_width_percent=&#8221;100&#8243; border_color=&#8221;color-gyho&#8221; border_style=&#8221;solid&#8221; shift_y=&#8221;0&#8243; z_index=&#8221;0&#8243; uncode_shortcode_id=&#8221;165642&#8243; border_color_type=&#8221;uncode-palette&#8221;][vc_column column_width_percent=&#8221;100&#8243; align_horizontal=&#8221;align_center&#8221; gutter_size=&#8221;3&#8243; overlay_alpha=&#8221;100&#8243; shift_x=&#8221;0&#8243; shift_y=&#8221;0&#8243; z_index=&#8221;0&#8243; medium_width=&#8221;0&#8243; zoom_width=&#8221;0&#8243; zoom_height=&#8221;0&#8243; width=&#8221;1\/1&#8243;][vc_gallery el_id=&#8221;gallery-85457&#8243; type=&#8221;carousel&#8221; medias=&#8221;118426,118430,118434,54,55,56,59,60,62&#8243; carousel_lg=&#8221;7&#8243; carousel_md=&#8221;5&#8243; carousel_sm=&#8221;3&#8243; gutter_size=&#8221;3&#8243; media_items=&#8221;media|nolink|original,icon&#8221; carousel_interval=&#8221;3000&#8243; carousel_navspeed=&#8221;400&#8243; carousel_loop=&#8221;yes&#8221; stage_padding=&#8221;0&#8243; single_overlay_opacity=&#8221;50&#8243; single_overlay_anim=&#8221;no&#8221; single_text_anim=&#8221;no&#8221; single_image_coloration=&#8221;desaturated&#8221; single_image_anim=&#8221;no&#8221; single_padding=&#8221;2&#8243; single_border=&#8221;yes&#8221; uncode_shortcode_id=&#8221;320434&#8243;][\/vc_column][\/vc_row]<\/p>\n<\/div>","protected":false},"excerpt":{"rendered":"<p>[vc_row row_height_percent=&#8221;100&#8243; overlay_alpha=&#8221;52&#8243; gutter_size=&#8221;3&#8243; column_width_percent=&#8221;100&#8243; shift_y=&#8221;0&#8243; z_index=&#8221;0&#8243; uncode_shortcode_id=&#8221;482765&#8243; front_end_with_slider=&#8221;true&#8221;][vc_column width=&#8221;1\/1&#8243;][uncode_slider slider_type=&#8221;fade&#8221; slider_interval=&#8221;5000&#8243; slider_navspeed=&#8221;400&#8243;][vc_row_inner row_inner_height_percent=&#8221;0&#8243; back_color=&#8221;color-wayh&#8221; back_image=&#8221;42&#8243; parallax=&#8221;yes&#8221; overlay_color=&#8221;color-jevc&#8221; overlay_alpha=&#8221;30&#8243; gutter_size=&#8221;3&#8243; [&hellip;]<\/p>\n","protected":false},"author":2,"featured_media":0,"parent":0,"menu_order":0,"comment_status":"closed","ping_status":"closed","template":"","meta":{"footnotes":""},"class_list":["post-118577","page","type-page","status-publish","hentry"],"_links":{"self":[{"href":"https:\/\/bicillevant.com\/ca\/wp-json\/wp\/v2\/pages\/118577","targetHints":{"allow":["GET"]}}],"collection":[{"href":"https:\/\/bicillevant.com\/ca\/wp-json\/wp\/v2\/pages"}],"about":[{"href":"https:\/\/bicillevant.com\/ca\/wp-json\/wp\/v2\/types\/page"}],"author":[{"embeddable":true,"href":"https:\/\/bicillevant.com\/ca\/wp-json\/wp\/v2\/users\/2"}],"replies":[{"embeddable":true,"href":"https:\/\/bicillevant.com\/ca\/wp-json\/wp\/v2\/comments?post=118577"}],"version-history":[{"count":24,"href":"https:\/\/bicillevant.com\/ca\/wp-json\/wp\/v2\/pages\/118577\/revisions"}],"predecessor-version":[{"id":119031,"href":"https:\/\/bicillevant.com\/ca\/wp-json\/wp\/v2\/pages\/118577\/revisions\/119031"}],"wp:attachment":[{"href":"https:\/\/bicillevant.com\/ca\/wp-json\/wp\/v2\/media?parent=118577"}],"curies":[{"name":"wp","href":"https:\/\/api.w.org\/{rel}","templated":true}]}}