	{"id":118568,"date":"2023-02-20T17:19:07","date_gmt":"2023-02-20T17:19:07","guid":{"rendered":"https:\/\/bicillevant.com\/campus-bicillevant\/"},"modified":"2023-04-24T11:12:54","modified_gmt":"2023-04-24T11:12:54","slug":"campus-bicillevant","status":"publish","type":"page","link":"https:\/\/bicillevant.com\/ca\/campus-bicillevant\/","title":{"rendered":"Campus Bicillevant"},"content":{"rendered":"<div class=\"wpb-content-wrapper\"><p>[vc_row row_height_percent=&#8221;0&#8243; override_padding=&#8221;yes&#8221; h_padding=&#8221;2&#8243; top_padding=&#8221;5&#8243; bottom_padding=&#8221;0&#8243; overlay_alpha=&#8221;50&#8243; gutter_size=&#8221;3&#8243; column_width_percent=&#8221;100&#8243; shift_y=&#8221;0&#8243; z_index=&#8221;0&#8243; bottom_divider=&#8221;step_3_4&#8243; uncode_shortcode_id=&#8221;836285&#8243;][vc_column column_width_percent=&#8221;100&#8243; position_vertical=&#8221;middle&#8221; gutter_size=&#8221;3&#8243; overlay_alpha=&#8221;50&#8243; shift_x=&#8221;0&#8243; shift_y=&#8221;0&#8243; shift_y_down=&#8221;0&#8243; z_index=&#8221;0&#8243; medium_width=&#8221;0&#8243; mobile_width=&#8221;0&#8243; width=&#8221;1\/1&#8243; uncode_shortcode_id=&#8221;729091&#8243;][vc_column_text text_lead=&#8221;yes&#8221; uncode_shortcode_id=&#8221;463794&#8243;]<strong>Campus Bicillevant<\/strong> \u00e9s el nom que donem al nostre projecte educatiu, un projecte basat en anys d&#8217;experi\u00e8ncia en l&#8217;ensenyament a Prim\u00e0ria i Secund\u00e0ria, sempre amb la bicicleta com a fil conductor per formar nens i joves.<\/p>\n<p>Utilitzem la bicicleta i les infinites possibilitats que ens aporta com a eina educativa. De manera divertida i saludable introdu\u00efm aprenentatges b\u00e0sics per a la vida di\u00e0ria, com l&#8217;autonomia i la seguretat vi\u00e0ria. Aprofitem un entorn l\u00fadic per aportar valors culturals i mediambientals.[\/vc_column_text][\/vc_column][\/vc_row][vc_row row_height_percent=&#8221;0&#8243; override_padding=&#8221;yes&#8221; h_padding=&#8221;2&#8243; top_padding=&#8221;5&#8243; bottom_padding=&#8221;5&#8243; overlay_alpha=&#8221;50&#8243; gutter_size=&#8221;3&#8243; column_width_percent=&#8221;100&#8243; shift_y=&#8221;0&#8243; z_index=&#8221;0&#8243; uncode_shortcode_id=&#8221;103079&#8243;][vc_column column_width_percent=&#8221;100&#8243; align_horizontal=&#8221;align_center&#8221; gutter_size=&#8221;3&#8243; overlay_alpha=&#8221;50&#8243; shift_x=&#8221;0&#8243; shift_y=&#8221;0&#8243; shift_y_down=&#8221;0&#8243; z_index=&#8221;0&#8243; medium_width=&#8221;0&#8243; mobile_width=&#8221;0&#8243; width=&#8221;1\/1&#8243; uncode_shortcode_id=&#8221;195430&#8243;][vc_custom_heading text_size=&#8221;fontsize-180443&#8243; uncode_shortcode_id=&#8221;953197&#8243;]<span class=\"text-accent-color\">Bicillevant. <\/span> Juga, mou i somriu.[\/vc_custom_heading][\/vc_column][\/vc_row][vc_row unlock_row_content=&#8221;yes&#8221; row_height_percent=&#8221;0&#8243; override_padding=&#8221;yes&#8221; h_padding=&#8221;2&#8243; top_padding=&#8221;2&#8243; bottom_padding=&#8221;5&#8243; overlay_alpha=&#8221;50&#8243; gutter_size=&#8221;3&#8243; column_width_percent=&#8221;100&#8243; shift_y=&#8221;0&#8243; z_index=&#8221;0&#8243; uncode_shortcode_id=&#8221;103492&#8243;][vc_column column_width_percent=&#8221;100&#8243; gutter_size=&#8221;3&#8243; overlay_alpha=&#8221;50&#8243; shift_x=&#8221;0&#8243; shift_y=&#8221;0&#8243; shift_y_down=&#8221;0&#8243; z_index=&#8221;0&#8243; medium_width=&#8221;0&#8243; mobile_width=&#8221;0&#8243; radius=&#8221;std&#8221; shadow=&#8221;xs&#8221; width=&#8221;1\/1&#8243; uncode_shortcode_id=&#8221;315375&#8243;][vc_row_inner row_inner_height_percent=&#8221;0&#8243; force_width_grid=&#8221;yes&#8221; overlay_alpha=&#8221;50&#8243; gutter_size=&#8221;0&#8243; shift_y=&#8221;0&#8243; z_index=&#8221;0&#8243; inverted_device_order=&#8221;yes&#8221; uncode_shortcode_id=&#8221;135612&#8243;][vc_column_inner column_width_percent=&#8221;100&#8243; position_vertical=&#8221;middle&#8221; gutter_size=&#8221;3&#8243; override_padding=&#8221;yes&#8221; column_padding=&#8221;3&#8243; expand_height=&#8221;yes&#8221; overlay_alpha=&#8221;50&#8243; shift_x=&#8221;0&#8243; shift_y=&#8221;0&#8243; shift_y_down=&#8221;0&#8243; z_index=&#8221;0&#8243; medium_width=&#8221;0&#8243; mobile_width=&#8221;0&#8243; width=&#8221;1\/2&#8243; uncode_shortcode_id=&#8221;130840&#8243;][vc_custom_heading heading_semantic=&#8221;h3&#8243; text_size=&#8221;h1&#8243; uncode_shortcode_id=&#8221;178413&#8243;]<span class=\"text-accent-color\">Campus<\/span> d&#8217;estiu i Setmana Santa [\/vc_custom_heading][vc_column_text text_lead=&#8221;yes&#8221; uncode_shortcode_id=&#8221;165399&#8243;]El nostre campus ofereix una experi\u00e8ncia \u00fanica per als amants del ciclisme i els joves aventurers que volen gaudir de l\u00b4aire lliure i explorar la bonica natura de l\u00b4illa de Mallorca.<\/p>\n<p>Durant el campus, els nens tindran l&#8217;oportunitat de millorar les seves habilitats amb bicicleta, aprendre noves t\u00e8cniques i gaudir d&#8217;emocionants rutes amb bicicleta dissenyades especialment per a ells. Comptem amb un equip d&#8217;entrenadors altament capacitats i apassionats que guiaran els nens a trav\u00e9s de divertides activitats i jocs, tot fomentant el treball en equip i l&#8217;amistat.<\/p>\n<p>A m\u00e9s de l&#8217;experi\u00e8ncia amb bicicleta, el campus tamb\u00e9 inclou temps per explorar la natura i gaudir d&#8217;activitats a l&#8217;aire lliure, com ara caminar pel bosc, nedar al mar i practicar esports a la platja.<\/p>\n<p>El nostre campus est\u00e0 ubicat a la bonica ciutat de Portocolom, envoltat de belles platges, aig\u00fces cristal\u00b7lines i paisatges naturals impressionants. Amb el clima c\u00e0lid i assolellat durant tot l&#8217;any, Mallorca \u00e9s el lloc perfecte per gaudir d&#8217;una experi\u00e8ncia en bicicleta inoblidable.<\/p>\n<p>Uneix-te a nosaltres al Campus de Bicicleta a Portocolom per a una aventura emocionant i \u00fanica que no te&#8217;n penedir\u00e0s![\/vc_column_text][vc_empty_space empty_h=&#8221;2&#8243;][vc_button button_color=&#8221;accent&#8221; size=&#8221;btn-lg&#8221; border_width=&#8221;0&#8243; css_animation=&#8221;bottom-t-top&#8221; animation_delay=&#8221;300&#8243; link=&#8221;url:https%3A%2F%2Fbicillevant.com%2Fca%2Fcontacto%2F|title:Contacte|&#8221; button_color_type=&#8221;uncode-palette&#8221; uncode_shortcode_id=&#8221;172089&#8243;]Saber m\u00e9s[\/vc_button][\/vc_column_inner][vc_column_inner column_width_percent=&#8221;100&#8243; gutter_size=&#8221;6&#8243; override_padding=&#8221;yes&#8221; column_padding=&#8221;0&#8243; expand_height=&#8221;yes&#8221; back_image=&#8221;118504&#8243; back_position=&#8221;center center&#8221; overlay_alpha=&#8221;50&#8243; shift_x=&#8221;0&#8243; shift_y=&#8221;0&#8243; shift_y_down=&#8221;0&#8243; z_index=&#8221;0&#8243; medium_width=&#8221;0&#8243; mobile_width=&#8221;0&#8243; width=&#8221;1\/2&#8243; uncode_shortcode_id=&#8221;103916&#8243; mobile_height=&#8221;400&#8243;][vc_empty_space empty_h=&#8221;5&#8243;][\/vc_column_inner][\/vc_row_inner][\/vc_column][\/vc_row]<\/p>\n<\/div>","protected":false},"excerpt":{"rendered":"<p>[vc_row row_height_percent=&#8221;0&#8243; override_padding=&#8221;yes&#8221; h_padding=&#8221;2&#8243; top_padding=&#8221;5&#8243; bottom_padding=&#8221;0&#8243; overlay_alpha=&#8221;50&#8243; gutter_size=&#8221;3&#8243; column_width_percent=&#8221;100&#8243; shift_y=&#8221;0&#8243; z_index=&#8221;0&#8243; bottom_divider=&#8221;step_3_4&#8243; uncode_shortcode_id=&#8221;836285&#8243;][vc_column column_width_percent=&#8221;100&#8243; position_vertical=&#8221;middle&#8221; gutter_size=&#8221;3&#8243; overlay_alpha=&#8221;50&#8243; shift_x=&#8221;0&#8243; shift_y=&#8221;0&#8243; shift_y_down=&#8221;0&#8243; [&hellip;]<\/p>\n","protected":false},"author":2,"featured_media":117815,"parent":0,"menu_order":0,"comment_status":"closed","ping_status":"closed","template":"","meta":{"footnotes":""},"class_list":["post-118568","page","type-page","status-publish","has-post-thumbnail","hentry"],"_links":{"self":[{"href":"https:\/\/bicillevant.com\/ca\/wp-json\/wp\/v2\/pages\/118568","targetHints":{"allow":["GET"]}}],"collection":[{"href":"https:\/\/bicillevant.com\/ca\/wp-json\/wp\/v2\/pages"}],"about":[{"href":"https:\/\/bicillevant.com\/ca\/wp-json\/wp\/v2\/types\/page"}],"author":[{"embeddable":true,"href":"https:\/\/bicillevant.com\/ca\/wp-json\/wp\/v2\/users\/2"}],"replies":[{"embeddable":true,"href":"https:\/\/bicillevant.com\/ca\/wp-json\/wp\/v2\/comments?post=118568"}],"version-history":[{"count":8,"href":"https:\/\/bicillevant.com\/ca\/wp-json\/wp\/v2\/pages\/118568\/revisions"}],"predecessor-version":[{"id":118943,"href":"https:\/\/bicillevant.com\/ca\/wp-json\/wp\/v2\/pages\/118568\/revisions\/118943"}],"wp:featuredmedia":[{"embeddable":true,"href":"https:\/\/bicillevant.com\/ca\/wp-json\/wp\/v2\/media\/117815"}],"wp:attachment":[{"href":"https:\/\/bicillevant.com\/ca\/wp-json\/wp\/v2\/media?parent=118568"}],"curies":[{"name":"wp","href":"https:\/\/api.w.org\/{rel}","templated":true}]}}