	{"id":118565,"date":"2023-02-27T10:31:37","date_gmt":"2023-02-27T10:31:37","guid":{"rendered":"https:\/\/bicillevant.com\/lloguer-de-bicicletes\/botiga-portocolom\/"},"modified":"2023-04-24T11:10:19","modified_gmt":"2023-04-24T11:10:19","slug":"botiga-portocolom","status":"publish","type":"page","link":"https:\/\/bicillevant.com\/ca\/lloguer-de-bicicletes\/botiga-portocolom\/","title":{"rendered":"Botiga Portocolom"},"content":{"rendered":"<div class=\"wpb-content-wrapper\"><p>[vc_row row_height_percent=&#8221;0&#8243; override_padding=&#8221;yes&#8221; h_padding=&#8221;2&#8243; top_padding=&#8221;5&#8243; bottom_padding=&#8221;0&#8243; overlay_alpha=&#8221;50&#8243; gutter_size=&#8221;3&#8243; column_width_percent=&#8221;100&#8243; shift_y=&#8221;0&#8243; z_index=&#8221;0&#8243; bottom_divider=&#8221;step_3_4&#8243; uncode_shortcode_id=&#8221;836285&#8243;][vc_column column_width_percent=&#8221;100&#8243; position_vertical=&#8221;middle&#8221; gutter_size=&#8221;3&#8243; overlay_alpha=&#8221;50&#8243; shift_x=&#8221;0&#8243; shift_y=&#8221;0&#8243; shift_y_down=&#8221;0&#8243; z_index=&#8221;0&#8243; medium_width=&#8221;0&#8243; mobile_width=&#8221;0&#8243; width=&#8221;1\/1&#8243; uncode_shortcode_id=&#8221;729091&#8243;][vc_column_text text_lead=&#8221;yes&#8221; uncode_shortcode_id=&#8221;193988&#8243;]<strong>Portocolom<\/strong> \u00e9s una destinaci\u00f3 tur\u00edstica perfecta per als amants de la <strong>bicicleta<\/strong> . El seu bell port, carrers pintorescos i platges properes s\u00f3n ideals per explorar en dues rodes. Amb el lloguer de bicicletes, pots rec\u00f3rrer f\u00e0cilment la ciutat i els voltants mentre gaudeixes del clima mediterrani i la impressionant arquitectura hist\u00f2rica. Una experi\u00e8ncia \u00fanica i emocionant per als amants de la bicicleta![\/vc_column_text][\/vc_column][\/vc_row][vc_row row_height_percent=&#8221;0&#8243; override_padding=&#8221;yes&#8221; h_padding=&#8221;2&#8243; top_padding=&#8221;5&#8243; bottom_padding=&#8221;3&#8243; overlay_alpha=&#8221;50&#8243; gutter_size=&#8221;3&#8243; column_width_percent=&#8221;100&#8243; shift_y=&#8221;0&#8243; z_index=&#8221;0&#8243; uncode_shortcode_id=&#8221;338653&#8243;][vc_column column_width_percent=&#8221;100&#8243; align_horizontal=&#8221;align_center&#8221; gutter_size=&#8221;3&#8243; overlay_alpha=&#8221;50&#8243; shift_x=&#8221;0&#8243; shift_y=&#8221;0&#8243; shift_y_down=&#8221;0&#8243; z_index=&#8221;0&#8243; medium_width=&#8221;0&#8243; mobile_width=&#8221;0&#8243; width=&#8221;1\/1&#8243; uncode_shortcode_id=&#8221;195430&#8243;][vc_custom_heading text_size=&#8221;fontsize-180443&#8243; uncode_shortcode_id=&#8221;156016&#8243;]Bicicletes disponibles a <span class=\"text-accent-color\">Portocolom<\/span>[\/vc_custom_heading][\/vc_column][\/vc_row][vc_row unlock_row_content=&#8221;yes&#8221; row_height_percent=&#8221;0&#8243; override_padding=&#8221;yes&#8221; h_padding=&#8221;3&#8243; top_padding=&#8221;1&#8243; bottom_padding=&#8221;5&#8243; overlay_alpha=&#8221;50&#8243; gutter_size=&#8221;2&#8243; column_width_percent=&#8221;100&#8243; shift_y=&#8221;0&#8243; z_index=&#8221;0&#8243; uncode_shortcode_id=&#8221;102040&#8243;][vc_column column_width_percent=&#8221;100&#8243; gutter_size=&#8221;4&#8243; overlay_alpha=&#8221;50&#8243; shift_x=&#8221;0&#8243; shift_y=&#8221;0&#8243; shift_y_down=&#8221;0&#8243; z_index=&#8221;0&#8243; medium_width=&#8221;0&#8243; mobile_width=&#8221;0&#8243; width=&#8221;1\/1&#8243;][uncode_index el_id=&#8221;index-581094100&#8243; isotope_mode=&#8221;fitRows&#8221; loop=&#8221;size:All|order_by:date|order:ASC|post_type:portfolio|tax_query:4|taxonomy_count:All&#8221; screen_lg=&#8221;1200&#8243; screen_md=&#8221;600&#8243; screen_sm=&#8221;480&#8243; gutter_size=&#8221;3&#8243; post_items=&#8221;media|featured|onpost|poster,date,title,text|excerpt|90,category|bordered|topright|hide-icon&#8221; portfolio_items=&#8221;media|featured|onpost|original,title,icon|sm&#8221; single_overlay_opacity=&#8221;50&#8243; single_overlay_anim=&#8221;no&#8221; single_image_anim=&#8221;no&#8221; single_h_align=&#8221;center&#8221; single_padding=&#8221;1&#8243; single_title_dimension=&#8221;h3&#8243; single_title_transform=&#8221;uppercase&#8221; single_title_height=&#8221;fontheight-142561&#8243; single_title_space=&#8221;fontspace-116066&#8243; single_border=&#8221;yes&#8221; uncode_shortcode_id=&#8221;168071&#8243;][\/vc_column][\/vc_row]<\/p>\n<\/div>","protected":false},"excerpt":{"rendered":"<p>[vc_row row_height_percent=&#8221;0&#8243; override_padding=&#8221;yes&#8221; h_padding=&#8221;2&#8243; top_padding=&#8221;5&#8243; bottom_padding=&#8221;0&#8243; overlay_alpha=&#8221;50&#8243; gutter_size=&#8221;3&#8243; column_width_percent=&#8221;100&#8243; shift_y=&#8221;0&#8243; z_index=&#8221;0&#8243; bottom_divider=&#8221;step_3_4&#8243; uncode_shortcode_id=&#8221;836285&#8243;][vc_column column_width_percent=&#8221;100&#8243; position_vertical=&#8221;middle&#8221; gutter_size=&#8221;3&#8243; overlay_alpha=&#8221;50&#8243; shift_x=&#8221;0&#8243; shift_y=&#8221;0&#8243; shift_y_down=&#8221;0&#8243; [&hellip;]<\/p>\n","protected":false},"author":2,"featured_media":118406,"parent":118556,"menu_order":0,"comment_status":"closed","ping_status":"closed","template":"","meta":{"footnotes":""},"class_list":["post-118565","page","type-page","status-publish","has-post-thumbnail","hentry"],"_links":{"self":[{"href":"https:\/\/bicillevant.com\/ca\/wp-json\/wp\/v2\/pages\/118565","targetHints":{"allow":["GET"]}}],"collection":[{"href":"https:\/\/bicillevant.com\/ca\/wp-json\/wp\/v2\/pages"}],"about":[{"href":"https:\/\/bicillevant.com\/ca\/wp-json\/wp\/v2\/types\/page"}],"author":[{"embeddable":true,"href":"https:\/\/bicillevant.com\/ca\/wp-json\/wp\/v2\/users\/2"}],"replies":[{"embeddable":true,"href":"https:\/\/bicillevant.com\/ca\/wp-json\/wp\/v2\/comments?post=118565"}],"version-history":[{"count":4,"href":"https:\/\/bicillevant.com\/ca\/wp-json\/wp\/v2\/pages\/118565\/revisions"}],"predecessor-version":[{"id":118874,"href":"https:\/\/bicillevant.com\/ca\/wp-json\/wp\/v2\/pages\/118565\/revisions\/118874"}],"up":[{"embeddable":true,"href":"https:\/\/bicillevant.com\/ca\/wp-json\/wp\/v2\/pages\/118556"}],"wp:featuredmedia":[{"embeddable":true,"href":"https:\/\/bicillevant.com\/ca\/wp-json\/wp\/v2\/media\/118406"}],"wp:attachment":[{"href":"https:\/\/bicillevant.com\/ca\/wp-json\/wp\/v2\/media?parent=118565"}],"curies":[{"name":"wp","href":"https:\/\/api.w.org\/{rel}","templated":true}]}}